{"id":1066,"date":"2025-07-16T15:38:58","date_gmt":"2025-07-16T13:38:58","guid":{"rendered":"https:\/\/www.knsmart.sk\/gyujtoudvar\/"},"modified":"2025-07-30T12:57:20","modified_gmt":"2025-07-30T10:57:20","slug":"gyujtoudvar","status":"publish","type":"page","link":"https:\/\/www.knsmart.sk\/hu\/hulladek\/gyujtoudvar\/","title":{"rendered":"Gy\u0171jt\u0151udvar"},"content":{"rendered":"\t\t<div data-elementor-type=\"wp-page\" data-elementor-id=\"1066\" class=\"elementor elementor-1066 elementor-1022\" data-elementor-post-type=\"page\">\n\t\t\t\t<div class=\"elementor-element elementor-element-918ab6c e-flex e-con-boxed e-con e-parent\" data-id=\"918ab6c\" data-element_type=\"container\" data-e-type=\"container\">\n\t\t\t\t\t<div class=\"e-con-inner\">\n\t\t\t\t<div class=\"elementor-element elementor-element-e70acd5 elementor-widget elementor-widget-heading\" data-id=\"e70acd5\" data-element_type=\"widget\" data-e-type=\"widget\" data-widget_type=\"heading.default\">\n\t\t\t\t<div class=\"elementor-widget-container\">\n\t\t\t\t\t<span class=\"elementor-heading-title elementor-size-default\">Hullad\u00e9k<\/span>\t\t\t\t<\/div>\n\t\t\t\t<\/div>\n\t\t\t\t<div class=\"elementor-element elementor-element-e529cb2 elementor-widget elementor-widget-heading\" data-id=\"e529cb2\" data-element_type=\"widget\" data-e-type=\"widget\" data-widget_type=\"heading.default\">\n\t\t\t\t<div class=\"elementor-widget-container\">\n\t\t\t\t\t<h1 class=\"elementor-heading-title elementor-size-default\">Gy\u0171jt\u0151udvar<\/h1>\t\t\t\t<\/div>\n\t\t\t\t<\/div>\n\t\t\t\t<div class=\"elementor-element elementor-element-9210cd2 elementor-widget__width-initial elementor-widget-tablet__width-inherit elementor-widget elementor-widget-text-editor\" data-id=\"9210cd2\" data-element_type=\"widget\" data-e-type=\"widget\" data-widget_type=\"text-editor.default\">\n\t\t\t\t<div class=\"elementor-widget-container\">\n\t\t\t\t\t\t\t\t\t<p>Gy\u0171jt\u0151udvar Kom\u00e1romban a <a href=\"https:\/\/www.google.com\/maps\/@47.7613556,18.1471132,3a,75y,172.76h,73.54t\/data=!3m6!1e1!3m4!1sFLTOmuxrCUO_rFRy8UxhgA!2e0!7i16384!8i8192\" target=\"_blank\" rel=\"noreferrer noopener\">Harcs\u00e1si \u00faton (szemben az \u00dajv\u00e1ri \u00fatr\u00f3l let\u00e9rve \u2013 kb 75 m\u00e9terre)<\/a>.<\/p><p>A Kom\u00e1romi gy\u0171jt\u0151udvar kiz\u00e1r\u00f3lag Kom\u00e1rom v\u00e1ros\u00e1ban \u00e1lland\u00f3 lak\u00f3hellyel rendelkez\u0151 lakosok sz\u00e1m\u00e1ra j\u00f6tt l\u00e9tre. A gy\u0171jt\u0151udvar v\u00e1llalkoz\u00e1si tev\u00e9kenys\u00e9gb\u0151l sz\u00e1rmaz\u00f3 hullad\u00e9k \u00e1tv\u00e9tel\u00e9re \u00e9s lerak\u00e1s\u00e1ra nem szolg\u00e1l. <\/p>\t\t\t\t\t\t\t\t<\/div>\n\t\t\t\t<\/div>\n\t\t<div class=\"elementor-element elementor-element-4290f2e e-con-full e-flex e-con e-child\" data-id=\"4290f2e\" data-element_type=\"container\" data-e-type=\"container\" data-settings=\"{&quot;background_background&quot;:&quot;classic&quot;}\">\n\t\t\t\t<div class=\"elementor-element elementor-element-3dc4533 elementor-widget elementor-widget-heading\" data-id=\"3dc4533\" data-element_type=\"widget\" data-e-type=\"widget\" data-widget_type=\"heading.default\">\n\t\t\t\t<div class=\"elementor-widget-container\">\n\t\t\t\t\t<h5 class=\"elementor-heading-title elementor-size-default\">Nyitvatart\u00e1si id\u0151:<\/h5>\t\t\t\t<\/div>\n\t\t\t\t<\/div>\n\t\t\t\t<div class=\"elementor-element elementor-element-5e78b27 elementor-widget elementor-widget-text-editor\" data-id=\"5e78b27\" data-element_type=\"widget\" data-e-type=\"widget\" data-widget_type=\"text-editor.default\">\n\t\t\t\t<div class=\"elementor-widget-container\">\n\t\t\t\t\t\t\t\t\t<p><strong>h\u00e9tf\u0151 \u2013 p\u00e9ntek:<\/strong> 8:00 \u2013 17:00<\/p>\t\t\t\t\t\t\t\t<\/div>\n\t\t\t\t<\/div>\n\t\t\t\t<div class=\"elementor-element elementor-element-670590c elementor-widget elementor-widget-text-editor\" data-id=\"670590c\" data-element_type=\"widget\" data-e-type=\"widget\" data-widget_type=\"text-editor.default\">\n\t\t\t\t<div class=\"elementor-widget-container\">\n\t\t\t\t\t\t\t\t\t<p><strong>szombat:<\/strong> 8:00 \u2013 12:00<\/p>\t\t\t\t\t\t\t\t<\/div>\n\t\t\t\t<\/div>\n\t\t\t\t<\/div>\n\t\t\t\t\t<\/div>\n\t\t\t\t<\/div>\n\t\t<div class=\"elementor-element elementor-element-9ff0a92 e-flex e-con-boxed e-con e-parent\" data-id=\"9ff0a92\" data-element_type=\"container\" data-e-type=\"container\" data-settings=\"{&quot;background_background&quot;:&quot;classic&quot;}\">\n\t\t\t\t\t<div class=\"e-con-inner\">\n\t\t\t\t<div class=\"elementor-element elementor-element-e0dc077 elementor-widget__width-inherit elementor-widget-tablet__width-inherit elementor-widget elementor-widget-text-editor\" data-id=\"e0dc077\" data-element_type=\"widget\" data-e-type=\"widget\" data-widget_type=\"text-editor.default\">\n\t\t\t\t<div class=\"elementor-widget-container\">\n\t\t\t\t\t\t\t\t\t<p>A gy\u0171jt\u0151udvarban leadhat\u00f3 hullad\u00e9kfajt\u00e1k list\u00e1ja:<\/p>\t\t\t\t\t\t\t\t<\/div>\n\t\t\t\t<\/div>\n\t\t\t\t<div class=\"elementor-element elementor-element-ceeba42 elementor-widget__width-initial elementor-widget elementor-widget-text-editor\" data-id=\"ceeba42\" data-element_type=\"widget\" data-e-type=\"widget\" data-widget_type=\"text-editor.default\">\n\t\t\t\t<div class=\"elementor-widget-container\">\n\t\t\t\t\t\t\t\t\t<div class=\"table\"><table><thead><tr><th>K\u00f3dsz\u00e1m<\/th><th>Megnevez\u00e9s<\/th><th>Kateg\u00f3ria<\/th><\/tr><\/thead><tbody><tr><td>20 01 01<\/td><td>pap\u00edr<\/td><td>O<\/td><\/tr><tr><td>20 01 02<\/td><td>\u00fcveg<\/td><td>O<\/td><\/tr><tr><td>20 01 03<\/td><td>t\u00e1rs\u00edtott r\u00e9tegzett italkarton<\/td><td>O<\/td><\/tr><tr><td>20 01 04<\/td><td>f\u00e9m csomagol\u00e1s<\/td><td>O<\/td><\/tr><tr><td>20 01 10<\/td><td>ruh\u00e1zat<\/td><td>O<\/td><\/tr><tr><td>20 01 11<\/td><td>text\u00edlia<\/td><td>O<\/td><\/tr><tr><td>20 01 21<\/td><td>f\u00e9nycs\u00f6vek \u00e9s egy\u00e9b higanyt<br>tartalmaz\u00f3 hullad\u00e9k<\/td><td>N<\/td><\/tr><tr><td>20 01 23<\/td><td>kl\u00f3r-fluor-sz\u00e9nhidrog\u00e9neket<br>tartalmaz\u00f3 kiselejtezett berendez\u00e9sek<\/td><td>N<\/td><\/tr><tr><td>20 01 25<\/td><td>\u00e9tkez\u00e9si olajak \u00e9s zs\u00edrok<\/td><td>O<\/td><\/tr><tr><td>20 01 33<\/td><td>elemek \u00e9s akkumul\u00e1torok<\/td><td>N<\/td><\/tr><tr><td>20 01 35<\/td><td>kiselejtezett elektromos \u00e9s elektronikus<br>berendez\u00e9sek, amelyek k\u00fcl\u00f6nb\u00f6znek a 20 01 21-t\u0151l \u00e9s a 20 01 23-t\u00f3l<\/td><td>N<\/td><\/tr><tr><td>20 01 36<\/td><td>kiselejtezett elektromos \u00e9s elektronikus berendez\u00e9sek,<br>amelyek k\u00fcl\u00f6nb\u00f6znek a 20 01 21-t\u0151l, 20 01 23-t\u00f3l \u00e9s a 20 01 35-t\u0151l<\/td><td>O<\/td><\/tr><tr><td>20 01 39<\/td><td>m\u0171anyag<\/td><td>O<\/td><\/tr><tr><td>20 03 07<\/td><td>nagym\u00e9ret\u0171 hullad\u00e9k<\/td><td>O<\/td><\/tr><tr><td>20 03 08<\/td><td>apr\u00f3 \u00e9p\u00edtkez\u00e9si hullad\u00e9k<\/td><td>O<\/td><\/tr><tr><td>16 01 03<\/td><td>haszn\u00e1lt gumiabroncs<\/td><td>O<\/td><\/tr><\/tbody><\/table><\/div>\t\t\t\t\t\t\t\t<\/div>\n\t\t\t\t<\/div>\n\t\t\t\t\t<\/div>\n\t\t\t\t<\/div>\n\t\t<div class=\"elementor-element elementor-element-353c496 e-flex e-con-boxed e-con e-parent\" data-id=\"353c496\" data-element_type=\"container\" data-e-type=\"container\">\n\t\t\t\t\t<div class=\"e-con-inner\">\n\t\t\t\t<div class=\"elementor-element elementor-element-1831744 elementor-widget__width-initial elementor-widget elementor-widget-text-editor\" data-id=\"1831744\" data-element_type=\"widget\" data-e-type=\"widget\" data-widget_type=\"text-editor.default\">\n\t\t\t\t<div class=\"elementor-widget-container\">\n\t\t\t\t\t\t\t\t\t<p>Felel\u0151s szem\u00e9ly: Ing. J\u00e1n S\u00f3lymos<\/p><p><strong>El\u00e9rhet\u0151s\u00e9g: <a href=\"tel:+421%2035%202851%20362\">+421 35 2851 362<\/a><\/strong><\/p><p>Az apr\u00f3 \u00e9p\u00edtkez\u00e9si t\u00f6rmel\u00e9k d\u00edj\u00e1nak m\u00e9rt\u00e9k\u00e9t a Kom\u00e1rom v\u00e1ros ter\u00fclet\u00e9n a telep\u00fcl\u00e9si \u00e9s apr\u00f3 \u00e9p\u00edtkez\u00e9si t\u00f6rmel\u00e9kr\u0151l szol\u00f3 \u00c1ltal\u00e1nos \u00e9rv\u00e9ny\u0171 rendelet hat\u00e1rozza meg. Ennek \u00f6sszege 0,05 eur\/kg, melyet k\u00f6zvetlen\u00fcl a gy\u0171jt\u0151udvarban sz\u00fcks\u00e9ges k\u00e9szp\u00e9nzben befizetni. <\/p><p>A behozott hullad\u00e9k mennyis\u00e9g\u00e9t \u00e9s fajt\u00e1j\u00e1t a gy\u0171jt\u0151udvar bej\u00e1rat\u00e1n\u00e1l a gy\u0171jt\u0151udvar m\u0171k\u00f6d\u00e9s\u00e9\u00e9rt felel\u0151s munkat\u00e1rsak szemrev\u00e9telez\u00e9ssel, majd m\u00e9rlegel\u00e9ssel hat\u00e1rozz\u00e1k meg.<br>Egy\u00e9b h\u00e1ztart\u00e1si hullad\u00e9k t\u00e9r\u00edt\u00e9smentesen \u00e1tadhat\u00f3. <\/p>\t\t\t\t\t\t\t\t<\/div>\n\t\t\t\t<\/div>\n\t\t\t\t\t<\/div>\n\t\t\t\t<\/div>\n\t\t\t\t<\/div>\n\t\t","protected":false},"excerpt":{"rendered":"<p>Hullad\u00e9k Gy\u0171jt\u0151udvar Kom\u00e1romban a Harcs\u00e1si \u00faton (szemben az \u00dajv\u00e1ri \u00fatr\u00f3l let\u00e9rve \u2013 kb 75 m\u00e9terre). A Kom\u00e1romi gy\u0171jt\u0151udvar kiz\u00e1r\u00f3lag Kom\u00e1rom v\u00e1ros\u00e1ban \u00e1lland\u00f3 lak\u00f3hellyel rendelkez\u0151 lakosok sz\u00e1m\u00e1ra j\u00f6tt l\u00e9tre. A gy\u0171jt\u0151udvar v\u00e1llalkoz\u00e1si tev\u00e9kenys\u00e9gb\u0151l sz\u00e1rmaz\u00f3 hullad\u00e9k \u00e1tv\u00e9tel\u00e9re \u00e9s lerak\u00e1s\u00e1ra nem szolg\u00e1l. Nyitvatart\u00e1si id\u0151: h\u00e9tf\u0151 \u2013 p\u00e9ntek: 8:00 \u2013 17:00 szombat: 8:00 \u2013 12:00 A gy\u0171jt\u0151udvarban leadhat\u00f3 hullad\u00e9kfajt\u00e1k [&hellip;]<\/p>\n","protected":false},"author":1,"featured_media":0,"parent":1070,"menu_order":0,"comment_status":"closed","ping_status":"closed","template":"","meta":{"_acf_changed":false,"footnotes":""},"class_list":["post-1066","page","type-page","status-publish","hentry"],"acf":[],"yoast_head":"<!-- This site is optimized with the Yoast SEO plugin v27.2 - https:\/\/yoast.com\/product\/yoast-seo-wordpress\/ -->\n<title>Gy\u0171jt\u0151udvar Kom\u00e1rom - KN Smart Servis a.s.<\/title>\n<meta name=\"description\" content=\"A Kom\u00e1romi gy\u0171jt\u0151udvar kiz\u00e1r\u00f3lag Kom\u00e1rom v\u00e1ros\u00e1ban \u00e1lland\u00f3 lak\u00f3hellyel rendelkez\u0151 lakosok sz\u00e1m\u00e1ra j\u00f6tt l\u00e9tre. A gy\u0171jt\u0151udvar v\u00e1llalkoz\u00e1si tev\u00e9kenys\u00e9gb\u0151l sz\u00e1rmaz\u00f3 hullad\u00e9k \u00e1tv\u00e9tel\u00e9re \u00e9s lerak\u00e1s\u00e1ra nem szolg\u00e1l.\" \/>\n<meta name=\"robots\" content=\"index, follow, max-snippet:-1, max-image-preview:large, max-video-preview:-1\" \/>\n<link rel=\"canonical\" href=\"https:\/\/www.knsmart.sk\/hu\/hulladek\/gyujtoudvar\/\" \/>\n<meta property=\"og:locale\" content=\"hu_HU\" \/>\n<meta property=\"og:type\" content=\"article\" \/>\n<meta property=\"og:title\" content=\"Gy\u0171jt\u0151udvar Kom\u00e1rom - KN Smart Servis a.s.\" \/>\n<meta property=\"og:description\" content=\"A Kom\u00e1romi gy\u0171jt\u0151udvar kiz\u00e1r\u00f3lag Kom\u00e1rom v\u00e1ros\u00e1ban \u00e1lland\u00f3 lak\u00f3hellyel rendelkez\u0151 lakosok sz\u00e1m\u00e1ra j\u00f6tt l\u00e9tre. A gy\u0171jt\u0151udvar v\u00e1llalkoz\u00e1si tev\u00e9kenys\u00e9gb\u0151l sz\u00e1rmaz\u00f3 hullad\u00e9k \u00e1tv\u00e9tel\u00e9re \u00e9s lerak\u00e1s\u00e1ra nem szolg\u00e1l.\" \/>\n<meta property=\"og:url\" content=\"https:\/\/www.knsmart.sk\/hu\/hulladek\/gyujtoudvar\/\" \/>\n<meta property=\"og:site_name\" content=\"KN Smart Servis a.s.\" \/>\n<meta property=\"article:publisher\" content=\"https:\/\/www.facebook.com\/knsmartservis\" \/>\n<meta property=\"article:modified_time\" content=\"2025-07-30T10:57:20+00:00\" \/>\n<meta property=\"og:image\" content=\"https:\/\/www.knsmart.sk\/wp-content\/uploads\/2025\/05\/kn-smart-post-default.jpg\" \/>\n\t<meta property=\"og:image:width\" content=\"768\" \/>\n\t<meta property=\"og:image:height\" content=\"499\" \/>\n\t<meta property=\"og:image:type\" content=\"image\/jpeg\" \/>\n<meta name=\"twitter:card\" content=\"summary_large_image\" \/>\n<meta name=\"twitter:label1\" content=\"Becs\u00fclt olvas\u00e1si id\u0151\" \/>\n\t<meta name=\"twitter:data1\" content=\"2 perc\" \/>\n<script type=\"application\/ld+json\" class=\"yoast-schema-graph\">{\"@context\":\"https:\/\/schema.org\",\"@graph\":[{\"@type\":\"WebPage\",\"@id\":\"https:\/\/www.knsmart.sk\/hu\/hulladek\/gyujtoudvar\/\",\"url\":\"https:\/\/www.knsmart.sk\/hu\/hulladek\/gyujtoudvar\/\",\"name\":\"Gy\u0171jt\u0151udvar Kom\u00e1rom - KN Smart Servis a.s.\",\"isPartOf\":{\"@id\":\"https:\/\/www.knsmart.sk\/hu\/#website\"},\"datePublished\":\"2025-07-16T13:38:58+00:00\",\"dateModified\":\"2025-07-30T10:57:20+00:00\",\"description\":\"A Kom\u00e1romi gy\u0171jt\u0151udvar kiz\u00e1r\u00f3lag Kom\u00e1rom v\u00e1ros\u00e1ban \u00e1lland\u00f3 lak\u00f3hellyel rendelkez\u0151 lakosok sz\u00e1m\u00e1ra j\u00f6tt l\u00e9tre. A gy\u0171jt\u0151udvar v\u00e1llalkoz\u00e1si tev\u00e9kenys\u00e9gb\u0151l sz\u00e1rmaz\u00f3 hullad\u00e9k \u00e1tv\u00e9tel\u00e9re \u00e9s lerak\u00e1s\u00e1ra nem szolg\u00e1l.\",\"breadcrumb\":{\"@id\":\"https:\/\/www.knsmart.sk\/hu\/hulladek\/gyujtoudvar\/#breadcrumb\"},\"inLanguage\":\"hu\",\"potentialAction\":[{\"@type\":\"ReadAction\",\"target\":[\"https:\/\/www.knsmart.sk\/hu\/hulladek\/gyujtoudvar\/\"]}]},{\"@type\":\"BreadcrumbList\",\"@id\":\"https:\/\/www.knsmart.sk\/hu\/hulladek\/gyujtoudvar\/#breadcrumb\",\"itemListElement\":[{\"@type\":\"ListItem\",\"position\":1,\"name\":\"Domovsk\u00e1 str\u00e1nka\",\"item\":\"https:\/\/www.knsmart.sk\/hu\/\"},{\"@type\":\"ListItem\",\"position\":2,\"name\":\"Hullad\u00e9k\",\"item\":\"https:\/\/www.knsmart.sk\/hu\/hulladek\/\"},{\"@type\":\"ListItem\",\"position\":3,\"name\":\"Gy\u0171jt\u0151udvar\"}]},{\"@type\":\"WebSite\",\"@id\":\"https:\/\/www.knsmart.sk\/hu\/#website\",\"url\":\"https:\/\/www.knsmart.sk\/hu\/\",\"name\":\"KN Smart Servis a.s.\",\"description\":\"Pracujme na \u010distote mesta spolo\u010dne\",\"publisher\":{\"@id\":\"https:\/\/www.knsmart.sk\/hu\/#organization\"},\"potentialAction\":[{\"@type\":\"SearchAction\",\"target\":{\"@type\":\"EntryPoint\",\"urlTemplate\":\"https:\/\/www.knsmart.sk\/hu\/?s={search_term_string}\"},\"query-input\":{\"@type\":\"PropertyValueSpecification\",\"valueRequired\":true,\"valueName\":\"search_term_string\"}}],\"inLanguage\":\"hu\"},{\"@type\":\"Organization\",\"@id\":\"https:\/\/www.knsmart.sk\/hu\/#organization\",\"name\":\"KN Smart Servis a.s.\",\"url\":\"https:\/\/www.knsmart.sk\/hu\/\",\"logo\":{\"@type\":\"ImageObject\",\"inLanguage\":\"hu\",\"@id\":\"https:\/\/www.knsmart.sk\/hu\/#\/schema\/logo\/image\/\",\"url\":\"https:\/\/www.knsmart.sk\/wp-content\/uploads\/2025\/05\/KNsmart_logo_white.png\",\"contentUrl\":\"https:\/\/www.knsmart.sk\/wp-content\/uploads\/2025\/05\/KNsmart_logo_white.png\",\"width\":300,\"height\":112,\"caption\":\"KN Smart Servis a.s.\"},\"image\":{\"@id\":\"https:\/\/www.knsmart.sk\/hu\/#\/schema\/logo\/image\/\"},\"sameAs\":[\"https:\/\/www.facebook.com\/knsmartservis\"]}]}<\/script>\n<!-- \/ Yoast SEO plugin. -->","yoast_head_json":{"title":"Gy\u0171jt\u0151udvar Kom\u00e1rom - KN Smart Servis a.s.","description":"A Kom\u00e1romi gy\u0171jt\u0151udvar kiz\u00e1r\u00f3lag Kom\u00e1rom v\u00e1ros\u00e1ban \u00e1lland\u00f3 lak\u00f3hellyel rendelkez\u0151 lakosok sz\u00e1m\u00e1ra j\u00f6tt l\u00e9tre. A gy\u0171jt\u0151udvar v\u00e1llalkoz\u00e1si tev\u00e9kenys\u00e9gb\u0151l sz\u00e1rmaz\u00f3 hullad\u00e9k \u00e1tv\u00e9tel\u00e9re \u00e9s lerak\u00e1s\u00e1ra nem szolg\u00e1l.","robots":{"index":"index","follow":"follow","max-snippet":"max-snippet:-1","max-image-preview":"max-image-preview:large","max-video-preview":"max-video-preview:-1"},"canonical":"https:\/\/www.knsmart.sk\/hu\/hulladek\/gyujtoudvar\/","og_locale":"hu_HU","og_type":"article","og_title":"Gy\u0171jt\u0151udvar Kom\u00e1rom - KN Smart Servis a.s.","og_description":"A Kom\u00e1romi gy\u0171jt\u0151udvar kiz\u00e1r\u00f3lag Kom\u00e1rom v\u00e1ros\u00e1ban \u00e1lland\u00f3 lak\u00f3hellyel rendelkez\u0151 lakosok sz\u00e1m\u00e1ra j\u00f6tt l\u00e9tre. A gy\u0171jt\u0151udvar v\u00e1llalkoz\u00e1si tev\u00e9kenys\u00e9gb\u0151l sz\u00e1rmaz\u00f3 hullad\u00e9k \u00e1tv\u00e9tel\u00e9re \u00e9s lerak\u00e1s\u00e1ra nem szolg\u00e1l.","og_url":"https:\/\/www.knsmart.sk\/hu\/hulladek\/gyujtoudvar\/","og_site_name":"KN Smart Servis a.s.","article_publisher":"https:\/\/www.facebook.com\/knsmartservis","article_modified_time":"2025-07-30T10:57:20+00:00","og_image":[{"width":768,"height":499,"url":"https:\/\/www.knsmart.sk\/wp-content\/uploads\/2025\/05\/kn-smart-post-default.jpg","type":"image\/jpeg"}],"twitter_card":"summary_large_image","twitter_misc":{"Becs\u00fclt olvas\u00e1si id\u0151":"2 perc"},"schema":{"@context":"https:\/\/schema.org","@graph":[{"@type":"WebPage","@id":"https:\/\/www.knsmart.sk\/hu\/hulladek\/gyujtoudvar\/","url":"https:\/\/www.knsmart.sk\/hu\/hulladek\/gyujtoudvar\/","name":"Gy\u0171jt\u0151udvar Kom\u00e1rom - KN Smart Servis a.s.","isPartOf":{"@id":"https:\/\/www.knsmart.sk\/hu\/#website"},"datePublished":"2025-07-16T13:38:58+00:00","dateModified":"2025-07-30T10:57:20+00:00","description":"A Kom\u00e1romi gy\u0171jt\u0151udvar kiz\u00e1r\u00f3lag Kom\u00e1rom v\u00e1ros\u00e1ban \u00e1lland\u00f3 lak\u00f3hellyel rendelkez\u0151 lakosok sz\u00e1m\u00e1ra j\u00f6tt l\u00e9tre. A gy\u0171jt\u0151udvar v\u00e1llalkoz\u00e1si tev\u00e9kenys\u00e9gb\u0151l sz\u00e1rmaz\u00f3 hullad\u00e9k \u00e1tv\u00e9tel\u00e9re \u00e9s lerak\u00e1s\u00e1ra nem szolg\u00e1l.","breadcrumb":{"@id":"https:\/\/www.knsmart.sk\/hu\/hulladek\/gyujtoudvar\/#breadcrumb"},"inLanguage":"hu","potentialAction":[{"@type":"ReadAction","target":["https:\/\/www.knsmart.sk\/hu\/hulladek\/gyujtoudvar\/"]}]},{"@type":"BreadcrumbList","@id":"https:\/\/www.knsmart.sk\/hu\/hulladek\/gyujtoudvar\/#breadcrumb","itemListElement":[{"@type":"ListItem","position":1,"name":"Domovsk\u00e1 str\u00e1nka","item":"https:\/\/www.knsmart.sk\/hu\/"},{"@type":"ListItem","position":2,"name":"Hullad\u00e9k","item":"https:\/\/www.knsmart.sk\/hu\/hulladek\/"},{"@type":"ListItem","position":3,"name":"Gy\u0171jt\u0151udvar"}]},{"@type":"WebSite","@id":"https:\/\/www.knsmart.sk\/hu\/#website","url":"https:\/\/www.knsmart.sk\/hu\/","name":"KN Smart Servis a.s.","description":"Pracujme na \u010distote mesta spolo\u010dne","publisher":{"@id":"https:\/\/www.knsmart.sk\/hu\/#organization"},"potentialAction":[{"@type":"SearchAction","target":{"@type":"EntryPoint","urlTemplate":"https:\/\/www.knsmart.sk\/hu\/?s={search_term_string}"},"query-input":{"@type":"PropertyValueSpecification","valueRequired":true,"valueName":"search_term_string"}}],"inLanguage":"hu"},{"@type":"Organization","@id":"https:\/\/www.knsmart.sk\/hu\/#organization","name":"KN Smart Servis a.s.","url":"https:\/\/www.knsmart.sk\/hu\/","logo":{"@type":"ImageObject","inLanguage":"hu","@id":"https:\/\/www.knsmart.sk\/hu\/#\/schema\/logo\/image\/","url":"https:\/\/www.knsmart.sk\/wp-content\/uploads\/2025\/05\/KNsmart_logo_white.png","contentUrl":"https:\/\/www.knsmart.sk\/wp-content\/uploads\/2025\/05\/KNsmart_logo_white.png","width":300,"height":112,"caption":"KN Smart Servis a.s."},"image":{"@id":"https:\/\/www.knsmart.sk\/hu\/#\/schema\/logo\/image\/"},"sameAs":["https:\/\/www.facebook.com\/knsmartservis"]}]}},"_links":{"self":[{"href":"https:\/\/www.knsmart.sk\/hu\/wp-json\/wp\/v2\/pages\/1066","targetHints":{"allow":["GET"]}}],"collection":[{"href":"https:\/\/www.knsmart.sk\/hu\/wp-json\/wp\/v2\/pages"}],"about":[{"href":"https:\/\/www.knsmart.sk\/hu\/wp-json\/wp\/v2\/types\/page"}],"author":[{"embeddable":true,"href":"https:\/\/www.knsmart.sk\/hu\/wp-json\/wp\/v2\/users\/1"}],"replies":[{"embeddable":true,"href":"https:\/\/www.knsmart.sk\/hu\/wp-json\/wp\/v2\/comments?post=1066"}],"version-history":[{"count":1,"href":"https:\/\/www.knsmart.sk\/hu\/wp-json\/wp\/v2\/pages\/1066\/revisions"}],"predecessor-version":[{"id":1067,"href":"https:\/\/www.knsmart.sk\/hu\/wp-json\/wp\/v2\/pages\/1066\/revisions\/1067"}],"up":[{"embeddable":true,"href":"https:\/\/www.knsmart.sk\/hu\/wp-json\/wp\/v2\/pages\/1070"}],"wp:attachment":[{"href":"https:\/\/www.knsmart.sk\/hu\/wp-json\/wp\/v2\/media?parent=1066"}],"curies":[{"name":"wp","href":"https:\/\/api.w.org\/{rel}","templated":true}]}}