{"id":1221,"date":"2025-07-24T15:57:27","date_gmt":"2025-07-24T13:57:27","guid":{"rendered":"https:\/\/www.knsmart.sk\/kozteruleti-funyiras\/"},"modified":"2025-07-25T09:46:50","modified_gmt":"2025-07-25T07:46:50","slug":"kozteruleti-funyiras","status":"publish","type":"page","link":"https:\/\/www.knsmart.sk\/hu\/kozteruleti-funyiras\/","title":{"rendered":"K\u00f6zter\u00fcleti f\u0171ny\u00edr\u00e1s"},"content":{"rendered":"\t\t<div data-elementor-type=\"wp-page\" data-elementor-id=\"1221\" class=\"elementor elementor-1221 elementor-1165\" data-elementor-post-type=\"page\">\n\t\t\t\t<div class=\"elementor-element elementor-element-e58c07b e-flex e-con-boxed e-con e-parent\" data-id=\"e58c07b\" data-element_type=\"container\" data-e-type=\"container\">\n\t\t\t\t\t<div class=\"e-con-inner\">\n\t\t\t\t<div class=\"elementor-element elementor-element-55d9cf0 elementor-widget elementor-widget-heading\" data-id=\"55d9cf0\" data-element_type=\"widget\" data-e-type=\"widget\" data-widget_type=\"heading.default\">\n\t\t\t\t<div class=\"elementor-widget-container\">\n\t\t\t\t\t<span class=\"elementor-heading-title elementor-size-default\">K\u00f6zter\u00fcleti f\u0171ny\u00edr\u00e1s<\/span>\t\t\t\t<\/div>\n\t\t\t\t<\/div>\n\t\t\t\t<div class=\"elementor-element elementor-element-69fb65b elementor-widget__width-initial elementor-widget-tablet__width-inherit elementor-widget elementor-widget-heading\" data-id=\"69fb65b\" data-element_type=\"widget\" data-e-type=\"widget\" data-widget_type=\"heading.default\">\n\t\t\t\t<div class=\"elementor-widget-container\">\n\t\t\t\t\t<h1 class=\"elementor-heading-title elementor-size-default\">A gondozott z\u00f6ldter\u00fclet teszi \u00e9lhet\u0151bb\u00e9 a v\u00e1rost<\/h1>\t\t\t\t<\/div>\n\t\t\t\t<\/div>\n\t\t\t\t<div class=\"elementor-element elementor-element-85594d7 elementor-widget__width-initial elementor-widget-tablet__width-inherit elementor-widget elementor-widget-text-editor\" data-id=\"85594d7\" data-element_type=\"widget\" data-e-type=\"widget\" data-widget_type=\"text-editor.default\">\n\t\t\t\t<div class=\"elementor-widget-container\">\n\t\t\t\t\t\t\t\t\t<p><span style=\"font-weight: 400;\">A rendezett z\u00f6ldter\u00fcletek nemcsak eszt\u00e9tikai szempontb\u00f3l fontosak, hanem a biztons\u00e1g \u00e9s a lak\u00f3k komfort\u00e9rzete miatt is. Kom\u00e1rom v\u00e1ros megb\u00edz\u00e1s\u00e1b\u00f3l a  <\/span><b>KN SMART Servis, a.s.<\/b> <span style=\"font-weight: 400;\">v\u00e9gzi a k\u00f6zter\u00fcleti f\u0171ny\u00edr\u00e1st a teljes veget\u00e1ci\u00f3s id\u0151szakban \u2013 \u00e1ltal\u00e1ban tavaszt\u00f3l \u0151szig.<\/span><\/p><p><span style=\"font-weight: 400;\">A f\u0171ny\u00edr\u00e1s gyakoris\u00e1ga az id\u0151j\u00e1r\u00e1si viszonyokt\u00f3l \u00e9s az aktu\u00e1lis \u00e1llapott\u00f3l f\u00fcgg. C\u00e9lunk, hogy a v\u00e1rosi parkok, lak\u00f3telepek \u00e9s k\u00f6zterek tiszta, rendezett \u00e9s kellemes k\u00f6rnyezetet biztos\u00edtsanak mindenki sz\u00e1m\u00e1ra. <\/span><\/p>\t\t\t\t\t\t\t\t<\/div>\n\t\t\t\t<\/div>\n\t\t\t\t\t<\/div>\n\t\t\t\t<\/div>\n\t\t<div class=\"elementor-element elementor-element-4c2d835 e-flex e-con-boxed e-con e-parent\" data-id=\"4c2d835\" data-element_type=\"container\" data-e-type=\"container\" data-settings=\"{&quot;background_background&quot;:&quot;classic&quot;}\">\n\t\t\t\t\t<div class=\"e-con-inner\">\n\t\t<div class=\"elementor-element elementor-element-89d7821 e-con-full e-flex e-con e-child\" data-id=\"89d7821\" data-element_type=\"container\" data-e-type=\"container\">\n\t\t\t\t<div class=\"elementor-element elementor-element-c68a5c0 elementor-widget__width-initial elementor-widget-tablet__width-inherit elementor-widget elementor-widget-heading\" data-id=\"c68a5c0\" data-element_type=\"widget\" data-e-type=\"widget\" data-widget_type=\"heading.default\">\n\t\t\t\t<div class=\"elementor-widget-container\">\n\t\t\t\t\t<h3 class=\"elementor-heading-title elementor-size-default\">Hogyan jelezhet probl\u00e9m\u00e1t?<\/h3>\t\t\t\t<\/div>\n\t\t\t\t<\/div>\n\t\t\t\t<div class=\"elementor-element elementor-element-4b81460 elementor-widget elementor-widget-text-editor\" data-id=\"4b81460\" data-element_type=\"widget\" data-e-type=\"widget\" data-widget_type=\"text-editor.default\">\n\t\t\t\t<div class=\"elementor-widget-container\">\n\t\t\t\t\t\t\t\t\t<p><span style=\"font-weight: 400;\">Ha elhanyagolt z\u00f6ldter\u00fcletet, nem megfelel\u0151en karbantartott gyepet vagy egy\u00e9b probl\u00e9m\u00e1t tapasztal, \u00e9rtes\u00edtsen benn\u00fcnket, \u00e9s gondoskodunk a megold\u00e1sr\u00f3l.<\/span><\/p><p><span style=\"font-weight: 400;\">\ud83d\udcde <\/span><b>Z\u00f6ldter\u00fclet, f\u0171ny\u00edr\u00e1s, karbantart\u00e1s:<\/b><b> <\/b><br><a href=\"tel:+421%20918%20343%20955\"><span style=\"font-weight: 400;\"> +421 918 343 955<\/span><\/a><\/p><p><span style=\"font-weight: 400;\">A kom\u00e1romi z\u00f6ldter\u00fcletek gondoz\u00e1s\u00e1t sz\u00edvvel-l\u00e9lekkel v\u00e9gezz\u00fck \u2013 seg\u00edtsen \u00d6n is abban, hogy v\u00e1rosunk z\u00f6ld, tiszta \u00e9s rendezett maradjon.<\/span><\/p>\t\t\t\t\t\t\t\t<\/div>\n\t\t\t\t<\/div>\n\t\t\t\t<\/div>\n\t\t<div class=\"elementor-element elementor-element-ad04d24 e-con-full e-flex e-con e-child\" data-id=\"ad04d24\" data-element_type=\"container\" data-e-type=\"container\">\n\t\t\t\t<div class=\"elementor-element elementor-element-fda6843 elementor-widget elementor-widget-image\" data-id=\"fda6843\" data-element_type=\"widget\" data-e-type=\"widget\" data-widget_type=\"image.default\">\n\t\t\t\t<div class=\"elementor-widget-container\">\n\t\t\t\t\t\t\t\t\t\t\t\t\t\t\t<img fetchpriority=\"high\" decoding=\"async\" width=\"700\" height=\"467\" src=\"https:\/\/www.knsmart.sk\/wp-content\/uploads\/2025\/07\/kn-smart_kosenie-verejnej-zelene.jpg\" class=\"attachment-large size-large wp-image-1172\" alt=\"\" srcset=\"https:\/\/www.knsmart.sk\/wp-content\/uploads\/2025\/07\/kn-smart_kosenie-verejnej-zelene.jpg 700w, https:\/\/www.knsmart.sk\/wp-content\/uploads\/2025\/07\/kn-smart_kosenie-verejnej-zelene-300x200.jpg 300w\" sizes=\"(max-width: 700px) 100vw, 700px\" \/>\t\t\t\t\t\t\t\t\t\t\t\t\t\t\t<\/div>\n\t\t\t\t<\/div>\n\t\t\t\t<\/div>\n\t\t\t\t\t<\/div>\n\t\t\t\t<\/div>\n\t\t\t\t<\/div>\n\t\t","protected":false},"excerpt":{"rendered":"<p>A gondozott z\u00f6ldter\u00fclet teszi \u00e9lhet\u0151bb\u00e9 a v\u00e1rost A rendezett z\u00f6ldter\u00fcletek nemcsak eszt\u00e9tikai szempontb\u00f3l fontosak, hanem a biztons\u00e1g \u00e9s a lak\u00f3k komfort\u00e9rzete miatt is. Kom\u00e1rom v\u00e1ros megb\u00edz\u00e1s\u00e1b\u00f3l a KN SMART Servis, a.s. v\u00e9gzi a k\u00f6zter\u00fcleti f\u0171ny\u00edr\u00e1st a teljes veget\u00e1ci\u00f3s id\u0151szakban \u2013 \u00e1ltal\u00e1ban tavaszt\u00f3l \u0151szig. A f\u0171ny\u00edr\u00e1s gyakoris\u00e1ga az id\u0151j\u00e1r\u00e1si viszonyokt\u00f3l \u00e9s az aktu\u00e1lis \u00e1llapott\u00f3l f\u00fcgg. C\u00e9lunk, [&hellip;]<\/p>\n","protected":false},"author":1,"featured_media":0,"parent":0,"menu_order":0,"comment_status":"closed","ping_status":"closed","template":"","meta":{"_acf_changed":false,"footnotes":""},"class_list":["post-1221","page","type-page","status-publish","hentry"],"acf":[],"yoast_head":"<!-- This site is optimized with the Yoast SEO plugin v27.2 - https:\/\/yoast.com\/product\/yoast-seo-wordpress\/ -->\n<title>K\u00f6zter\u00fcleti f\u0171ny\u00edr\u00e1s - KN Smart Servis a.s.<\/title>\n<meta name=\"robots\" content=\"index, follow, max-snippet:-1, max-image-preview:large, max-video-preview:-1\" \/>\n<link rel=\"canonical\" href=\"https:\/\/www.knsmart.sk\/hu\/kozteruleti-funyiras\/\" \/>\n<meta property=\"og:locale\" content=\"hu_HU\" \/>\n<meta property=\"og:type\" content=\"article\" \/>\n<meta property=\"og:title\" content=\"K\u00f6zter\u00fcleti f\u0171ny\u00edr\u00e1s - KN Smart Servis a.s.\" \/>\n<meta property=\"og:description\" content=\"A gondozott z\u00f6ldter\u00fclet teszi \u00e9lhet\u0151bb\u00e9 a v\u00e1rost A rendezett z\u00f6ldter\u00fcletek nemcsak eszt\u00e9tikai szempontb\u00f3l fontosak, hanem a biztons\u00e1g \u00e9s a lak\u00f3k komfort\u00e9rzete miatt is. Kom\u00e1rom v\u00e1ros megb\u00edz\u00e1s\u00e1b\u00f3l a KN SMART Servis, a.s. v\u00e9gzi a k\u00f6zter\u00fcleti f\u0171ny\u00edr\u00e1st a teljes veget\u00e1ci\u00f3s id\u0151szakban \u2013 \u00e1ltal\u00e1ban tavaszt\u00f3l \u0151szig. A f\u0171ny\u00edr\u00e1s gyakoris\u00e1ga az id\u0151j\u00e1r\u00e1si viszonyokt\u00f3l \u00e9s az aktu\u00e1lis \u00e1llapott\u00f3l f\u00fcgg. C\u00e9lunk, [&hellip;]\" \/>\n<meta property=\"og:url\" content=\"https:\/\/www.knsmart.sk\/hu\/kozteruleti-funyiras\/\" \/>\n<meta property=\"og:site_name\" content=\"KN Smart Servis a.s.\" \/>\n<meta property=\"article:publisher\" content=\"https:\/\/www.facebook.com\/knsmartservis\" \/>\n<meta property=\"article:modified_time\" content=\"2025-07-25T07:46:50+00:00\" \/>\n<meta property=\"og:image\" content=\"https:\/\/www.knsmart.sk\/wp-content\/uploads\/2025\/07\/kn-smart_kosenie-verejnej-zelene.jpg\" \/>\n\t<meta property=\"og:image:width\" content=\"700\" \/>\n\t<meta property=\"og:image:height\" content=\"467\" \/>\n\t<meta property=\"og:image:type\" content=\"image\/jpeg\" \/>\n<meta name=\"twitter:card\" content=\"summary_large_image\" \/>\n<meta name=\"twitter:label1\" content=\"Becs\u00fclt olvas\u00e1si id\u0151\" \/>\n\t<meta name=\"twitter:data1\" content=\"1 perc\" \/>\n<script type=\"application\/ld+json\" class=\"yoast-schema-graph\">{\"@context\":\"https:\/\/schema.org\",\"@graph\":[{\"@type\":\"WebPage\",\"@id\":\"https:\/\/www.knsmart.sk\/hu\/kozteruleti-funyiras\/\",\"url\":\"https:\/\/www.knsmart.sk\/hu\/kozteruleti-funyiras\/\",\"name\":\"K\u00f6zter\u00fcleti f\u0171ny\u00edr\u00e1s - KN Smart Servis a.s.\",\"isPartOf\":{\"@id\":\"https:\/\/www.knsmart.sk\/hu\/#website\"},\"primaryImageOfPage\":{\"@id\":\"https:\/\/www.knsmart.sk\/hu\/kozteruleti-funyiras\/#primaryimage\"},\"image\":{\"@id\":\"https:\/\/www.knsmart.sk\/hu\/kozteruleti-funyiras\/#primaryimage\"},\"thumbnailUrl\":\"https:\/\/www.knsmart.sk\/wp-content\/uploads\/2025\/07\/kn-smart_kosenie-verejnej-zelene.jpg\",\"datePublished\":\"2025-07-24T13:57:27+00:00\",\"dateModified\":\"2025-07-25T07:46:50+00:00\",\"breadcrumb\":{\"@id\":\"https:\/\/www.knsmart.sk\/hu\/kozteruleti-funyiras\/#breadcrumb\"},\"inLanguage\":\"hu\",\"potentialAction\":[{\"@type\":\"ReadAction\",\"target\":[\"https:\/\/www.knsmart.sk\/hu\/kozteruleti-funyiras\/\"]}]},{\"@type\":\"ImageObject\",\"inLanguage\":\"hu\",\"@id\":\"https:\/\/www.knsmart.sk\/hu\/kozteruleti-funyiras\/#primaryimage\",\"url\":\"https:\/\/www.knsmart.sk\/wp-content\/uploads\/2025\/07\/kn-smart_kosenie-verejnej-zelene.jpg\",\"contentUrl\":\"https:\/\/www.knsmart.sk\/wp-content\/uploads\/2025\/07\/kn-smart_kosenie-verejnej-zelene.jpg\"},{\"@type\":\"BreadcrumbList\",\"@id\":\"https:\/\/www.knsmart.sk\/hu\/kozteruleti-funyiras\/#breadcrumb\",\"itemListElement\":[{\"@type\":\"ListItem\",\"position\":1,\"name\":\"Domovsk\u00e1 str\u00e1nka\",\"item\":\"https:\/\/www.knsmart.sk\/hu\/\"},{\"@type\":\"ListItem\",\"position\":2,\"name\":\"K\u00f6zter\u00fcleti f\u0171ny\u00edr\u00e1s\"}]},{\"@type\":\"WebSite\",\"@id\":\"https:\/\/www.knsmart.sk\/hu\/#website\",\"url\":\"https:\/\/www.knsmart.sk\/hu\/\",\"name\":\"KN Smart Servis a.s.\",\"description\":\"Pracujme na \u010distote mesta spolo\u010dne\",\"publisher\":{\"@id\":\"https:\/\/www.knsmart.sk\/hu\/#organization\"},\"potentialAction\":[{\"@type\":\"SearchAction\",\"target\":{\"@type\":\"EntryPoint\",\"urlTemplate\":\"https:\/\/www.knsmart.sk\/hu\/?s={search_term_string}\"},\"query-input\":{\"@type\":\"PropertyValueSpecification\",\"valueRequired\":true,\"valueName\":\"search_term_string\"}}],\"inLanguage\":\"hu\"},{\"@type\":\"Organization\",\"@id\":\"https:\/\/www.knsmart.sk\/hu\/#organization\",\"name\":\"KN Smart Servis a.s.\",\"url\":\"https:\/\/www.knsmart.sk\/hu\/\",\"logo\":{\"@type\":\"ImageObject\",\"inLanguage\":\"hu\",\"@id\":\"https:\/\/www.knsmart.sk\/hu\/#\/schema\/logo\/image\/\",\"url\":\"https:\/\/www.knsmart.sk\/wp-content\/uploads\/2025\/05\/KNsmart_logo_white.png\",\"contentUrl\":\"https:\/\/www.knsmart.sk\/wp-content\/uploads\/2025\/05\/KNsmart_logo_white.png\",\"width\":300,\"height\":112,\"caption\":\"KN Smart Servis a.s.\"},\"image\":{\"@id\":\"https:\/\/www.knsmart.sk\/hu\/#\/schema\/logo\/image\/\"},\"sameAs\":[\"https:\/\/www.facebook.com\/knsmartservis\"]}]}<\/script>\n<!-- \/ Yoast SEO plugin. -->","yoast_head_json":{"title":"K\u00f6zter\u00fcleti f\u0171ny\u00edr\u00e1s - KN Smart Servis a.s.","robots":{"index":"index","follow":"follow","max-snippet":"max-snippet:-1","max-image-preview":"max-image-preview:large","max-video-preview":"max-video-preview:-1"},"canonical":"https:\/\/www.knsmart.sk\/hu\/kozteruleti-funyiras\/","og_locale":"hu_HU","og_type":"article","og_title":"K\u00f6zter\u00fcleti f\u0171ny\u00edr\u00e1s - KN Smart Servis a.s.","og_description":"A gondozott z\u00f6ldter\u00fclet teszi \u00e9lhet\u0151bb\u00e9 a v\u00e1rost A rendezett z\u00f6ldter\u00fcletek nemcsak eszt\u00e9tikai szempontb\u00f3l fontosak, hanem a biztons\u00e1g \u00e9s a lak\u00f3k komfort\u00e9rzete miatt is. Kom\u00e1rom v\u00e1ros megb\u00edz\u00e1s\u00e1b\u00f3l a KN SMART Servis, a.s. v\u00e9gzi a k\u00f6zter\u00fcleti f\u0171ny\u00edr\u00e1st a teljes veget\u00e1ci\u00f3s id\u0151szakban \u2013 \u00e1ltal\u00e1ban tavaszt\u00f3l \u0151szig. A f\u0171ny\u00edr\u00e1s gyakoris\u00e1ga az id\u0151j\u00e1r\u00e1si viszonyokt\u00f3l \u00e9s az aktu\u00e1lis \u00e1llapott\u00f3l f\u00fcgg. C\u00e9lunk, [&hellip;]","og_url":"https:\/\/www.knsmart.sk\/hu\/kozteruleti-funyiras\/","og_site_name":"KN Smart Servis a.s.","article_publisher":"https:\/\/www.facebook.com\/knsmartservis","article_modified_time":"2025-07-25T07:46:50+00:00","og_image":[{"width":700,"height":467,"url":"https:\/\/www.knsmart.sk\/wp-content\/uploads\/2025\/07\/kn-smart_kosenie-verejnej-zelene.jpg","type":"image\/jpeg"}],"twitter_card":"summary_large_image","twitter_misc":{"Becs\u00fclt olvas\u00e1si id\u0151":"1 perc"},"schema":{"@context":"https:\/\/schema.org","@graph":[{"@type":"WebPage","@id":"https:\/\/www.knsmart.sk\/hu\/kozteruleti-funyiras\/","url":"https:\/\/www.knsmart.sk\/hu\/kozteruleti-funyiras\/","name":"K\u00f6zter\u00fcleti f\u0171ny\u00edr\u00e1s - KN Smart Servis a.s.","isPartOf":{"@id":"https:\/\/www.knsmart.sk\/hu\/#website"},"primaryImageOfPage":{"@id":"https:\/\/www.knsmart.sk\/hu\/kozteruleti-funyiras\/#primaryimage"},"image":{"@id":"https:\/\/www.knsmart.sk\/hu\/kozteruleti-funyiras\/#primaryimage"},"thumbnailUrl":"https:\/\/www.knsmart.sk\/wp-content\/uploads\/2025\/07\/kn-smart_kosenie-verejnej-zelene.jpg","datePublished":"2025-07-24T13:57:27+00:00","dateModified":"2025-07-25T07:46:50+00:00","breadcrumb":{"@id":"https:\/\/www.knsmart.sk\/hu\/kozteruleti-funyiras\/#breadcrumb"},"inLanguage":"hu","potentialAction":[{"@type":"ReadAction","target":["https:\/\/www.knsmart.sk\/hu\/kozteruleti-funyiras\/"]}]},{"@type":"ImageObject","inLanguage":"hu","@id":"https:\/\/www.knsmart.sk\/hu\/kozteruleti-funyiras\/#primaryimage","url":"https:\/\/www.knsmart.sk\/wp-content\/uploads\/2025\/07\/kn-smart_kosenie-verejnej-zelene.jpg","contentUrl":"https:\/\/www.knsmart.sk\/wp-content\/uploads\/2025\/07\/kn-smart_kosenie-verejnej-zelene.jpg"},{"@type":"BreadcrumbList","@id":"https:\/\/www.knsmart.sk\/hu\/kozteruleti-funyiras\/#breadcrumb","itemListElement":[{"@type":"ListItem","position":1,"name":"Domovsk\u00e1 str\u00e1nka","item":"https:\/\/www.knsmart.sk\/hu\/"},{"@type":"ListItem","position":2,"name":"K\u00f6zter\u00fcleti f\u0171ny\u00edr\u00e1s"}]},{"@type":"WebSite","@id":"https:\/\/www.knsmart.sk\/hu\/#website","url":"https:\/\/www.knsmart.sk\/hu\/","name":"KN Smart Servis a.s.","description":"Pracujme na \u010distote mesta spolo\u010dne","publisher":{"@id":"https:\/\/www.knsmart.sk\/hu\/#organization"},"potentialAction":[{"@type":"SearchAction","target":{"@type":"EntryPoint","urlTemplate":"https:\/\/www.knsmart.sk\/hu\/?s={search_term_string}"},"query-input":{"@type":"PropertyValueSpecification","valueRequired":true,"valueName":"search_term_string"}}],"inLanguage":"hu"},{"@type":"Organization","@id":"https:\/\/www.knsmart.sk\/hu\/#organization","name":"KN Smart Servis a.s.","url":"https:\/\/www.knsmart.sk\/hu\/","logo":{"@type":"ImageObject","inLanguage":"hu","@id":"https:\/\/www.knsmart.sk\/hu\/#\/schema\/logo\/image\/","url":"https:\/\/www.knsmart.sk\/wp-content\/uploads\/2025\/05\/KNsmart_logo_white.png","contentUrl":"https:\/\/www.knsmart.sk\/wp-content\/uploads\/2025\/05\/KNsmart_logo_white.png","width":300,"height":112,"caption":"KN Smart Servis a.s."},"image":{"@id":"https:\/\/www.knsmart.sk\/hu\/#\/schema\/logo\/image\/"},"sameAs":["https:\/\/www.facebook.com\/knsmartservis"]}]}},"_links":{"self":[{"href":"https:\/\/www.knsmart.sk\/hu\/wp-json\/wp\/v2\/pages\/1221","targetHints":{"allow":["GET"]}}],"collection":[{"href":"https:\/\/www.knsmart.sk\/hu\/wp-json\/wp\/v2\/pages"}],"about":[{"href":"https:\/\/www.knsmart.sk\/hu\/wp-json\/wp\/v2\/types\/page"}],"author":[{"embeddable":true,"href":"https:\/\/www.knsmart.sk\/hu\/wp-json\/wp\/v2\/users\/1"}],"replies":[{"embeddable":true,"href":"https:\/\/www.knsmart.sk\/hu\/wp-json\/wp\/v2\/comments?post=1221"}],"version-history":[{"count":1,"href":"https:\/\/www.knsmart.sk\/hu\/wp-json\/wp\/v2\/pages\/1221\/revisions"}],"predecessor-version":[{"id":1222,"href":"https:\/\/www.knsmart.sk\/hu\/wp-json\/wp\/v2\/pages\/1221\/revisions\/1222"}],"wp:attachment":[{"href":"https:\/\/www.knsmart.sk\/hu\/wp-json\/wp\/v2\/media?parent=1221"}],"curies":[{"name":"wp","href":"https:\/\/api.w.org\/{rel}","templated":true}]}}