{"id":1362,"date":"2025-05-05T08:33:56","date_gmt":"2025-05-05T06:33:56","guid":{"rendered":"https:\/\/www.knsmart.sk\/?page_id=1362"},"modified":"2025-08-11T14:49:11","modified_gmt":"2025-08-11T12:49:11","slug":"adatkezelesi-iranyelvek","status":"publish","type":"page","link":"https:\/\/www.knsmart.sk\/hu\/adatkezelesi-iranyelvek\/","title":{"rendered":"Adatkezel\u00e9si ir\u00e1nyelvek"},"content":{"rendered":"\t\t<div data-elementor-type=\"wp-page\" data-elementor-id=\"1362\" class=\"elementor elementor-1362 elementor-3\" data-elementor-post-type=\"page\">\n\t\t\t\t<div class=\"elementor-element elementor-element-2ee74a1 e-flex e-con-boxed e-con e-parent\" data-id=\"2ee74a1\" data-element_type=\"container\" data-e-type=\"container\">\n\t\t\t\t\t<div class=\"e-con-inner\">\n\t\t\t\t<div class=\"elementor-element elementor-element-14622f0 elementor-widget elementor-widget-heading\" data-id=\"14622f0\" data-element_type=\"widget\" data-e-type=\"widget\" data-widget_type=\"heading.default\">\n\t\t\t\t<div class=\"elementor-widget-container\">\n\t\t\t\t\t<span class=\"elementor-heading-title elementor-size-default\">GDPR<\/span>\t\t\t\t<\/div>\n\t\t\t\t<\/div>\n\t\t\t\t<div class=\"elementor-element elementor-element-e0049c4 elementor-widget elementor-widget-heading\" data-id=\"e0049c4\" data-element_type=\"widget\" data-e-type=\"widget\" data-widget_type=\"heading.default\">\n\t\t\t\t<div class=\"elementor-widget-container\">\n\t\t\t\t\t<h1 class=\"elementor-heading-title elementor-size-default\">Adatkezel\u00e9si ir\u00e1nyelvek<\/h1>\t\t\t\t<\/div>\n\t\t\t\t<\/div>\n\t\t\t\t<div class=\"elementor-element elementor-element-e51c285 elementor-widget-tablet__width-inherit elementor-widget elementor-widget-text-editor\" data-id=\"e51c285\" data-element_type=\"widget\" data-e-type=\"widget\" data-widget_type=\"text-editor.default\">\n\t\t\t\t<div class=\"elementor-widget-container\">\n\t\t\t\t\t\t\t\t\t<h4><strong>I. <\/strong><strong>Alapvet\u0151 rendelkez\u00e9sek<\/strong><\/h4><ol><li>Az adatkezel\u0151 az Eur\u00f3pai Parlament \u00e9s a Tan\u00e1cs (EU) 2016\/679 rendelete (GDPR) \u00e9rtelm\u00e9ben a\u00a0<strong>KN SMART SERVIS, a.s. <\/strong>sz\u00e9khelye:\u00a0<strong>N\u00e1m. gen. Klapku 1, 945 01 Kom\u00e1rno<\/strong>, c\u00e9gjegyz\u00e9ksz\u00e1m:\u00a0<strong>46933093<\/strong>, bejegyezve az\u00a0<strong>Okresn\u00fd s\u00fad Nitra<\/strong>\u00a0c\u00e9gjegyz\u00e9k\u00e9ben, bejegyz\u00e9si sz\u00e1m:\u00a0<strong>10555\/N<\/strong>\u00a0(a tov\u00e1bbiakban: \u201eV\u00e1llalat\u201d).<\/li><li>A V\u00e1llalat el\u00e9rhet\u0151s\u00e9gei:<br \/><strong>Sz\u00e9khely:<\/strong> N\u00e1m. gen. Klapku 1, 945 01 Kom\u00e1rno<br \/><strong>E-mail:<\/strong> info@knsmart.sk<br \/><strong>Telefon:<\/strong> +421 918 343 955<\/li><\/ol><ol start=\"3\"><li>Az \u00e9rintett szem\u00e9lyes adatok minden olyan inform\u00e1ci\u00f3t tartalmaznak, amely azonos\u00edtott vagy azonos\u00edthat\u00f3 term\u00e9szetes szem\u00e9lyre vonatkozik, k\u00fcl\u00f6n\u00f6sen n\u00e9v, azonos\u00edt\u00f3sz\u00e1m, f\u00f6ldrajzi helymeghat\u00e1roz\u00e1s, online azonos\u00edt\u00f3 vagy egy\u00e9b egyedi jellemz\u0151k alapj\u00e1n.<\/li><\/ol><h4><strong>II. <\/strong><strong>Az adatkezel\u00e9s forr\u00e1sai \u00e9s kateg\u00f3ri\u00e1i<\/strong><\/h4><ol><li>A V\u00e1llalat az al\u00e1bbi adatokat kezeli, amelyeket az \u00e9rintett szem\u00e9ly biztos\u00edt, vagy amelyeket a V\u00e1llalat a szerz\u0151d\u00e9s teljes\u00edt\u00e9se sor\u00e1n gy\u0171jt:<br \/><strong>N\u00e9v \u00e9s vezet\u00e9kn\u00e9v<\/strong><ul><li><strong>E-mail c\u00edm<\/strong><\/li><li><strong>Telefonsz\u00e1m<\/strong><\/li><li><strong>Szervezet neve<\/strong><\/li><li><strong>Weboldal c\u00edme<\/strong><\/li><li><strong>\u00dczenet tartalma<\/strong><\/li><\/ul><\/li><li>A V\u00e1llalat az azonos\u00edt\u00f3 \u00e9s kapcsolattart\u00e1si adatokat, valamint a szerz\u0151d\u00e9s teljes\u00edt\u00e9s\u00e9hez sz\u00fcks\u00e9ges adatokat kezeli.<\/li><\/ol><h4><strong>III. <\/strong><strong>Az adatkezel\u00e9s jogalapja \u00e9s c\u00e9lja<\/strong><\/h4><ol><li>Az adatkezel\u00e9s jogalapja:<ul><li>A szerz\u0151d\u00e9s teljes\u00edt\u00e9se (GDPR 6. cikk (1) bekezd\u00e9s b) pont)<\/li><li>Jogszab\u00e1lyi k\u00f6telezetts\u00e9gek teljes\u00edt\u00e9se (GDPR 6. cikk (1) bekezd\u00e9s c) pont)<\/li><li>A V\u00e1llalat jogos \u00e9rdeke (k\u00fcl\u00f6n\u00f6sen k\u00f6zvetlen marketing c\u00e9lokb\u00f3l, GDPR 6. cikk (1) bekezd\u00e9s f) pont)<\/li><li>Az \u00e9rintett hozz\u00e1j\u00e1rul\u00e1sa k\u00f6zvetlen marketing c\u00e9lokra, ha nem t\u00f6rt\u00e9nt megrendel\u00e9s (GDPR 6. cikk (1) bekezd\u00e9s a) pont)<\/li><\/ul><\/li><li>Az adatkezel\u00e9s c\u00e9lja:<ul><li>Megrendel\u00e9sek teljes\u00edt\u00e9se \u00e9s a szerz\u0151d\u00e9sb\u0151l fakad\u00f3 jogok \u00e9s k\u00f6telezetts\u00e9gek teljes\u00edt\u00e9se<\/li><li>Jogszab\u00e1lyi k\u00f6telezetts\u00e9gek teljes\u00edt\u00e9se<\/li><li>Kereskedelmi aj\u00e1nlatok \u00e9s marketingtev\u00e9kenys\u00e9gek v\u00e9gz\u00e9se<\/li><\/ul><\/li><li>A V\u00e1llalat nem alkalmaz automatiz\u00e1lt d\u00f6nt\u00e9shozatalt a GDPR 22. cikke \u00e9rtelm\u00e9ben.<\/li><\/ol><h4><strong>IV. <\/strong><strong>Az adatok t\u00e1rol\u00e1s\u00e1nak id\u0151tartama<\/strong><\/h4><ol><li>A V\u00e1llalat az adatokat a szerz\u0151d\u00e9ses jogviszony fenn\u00e1ll\u00e1s\u00e1ig, valamint azt k\u00f6vet\u0151en 15 \u00e9vig t\u00e1rolja a jogi k\u00f6telezetts\u00e9gek teljes\u00edt\u00e9se \u00e9s a k\u00f6vetel\u00e9sek \u00e9rv\u00e9nyes\u00edt\u00e9se \u00e9rdek\u00e9ben.<\/li><li>A t\u00e1rol\u00e1si id\u0151 lej\u00e1rta ut\u00e1n az adatok t\u00f6rl\u00e9sre ker\u00fclnek.<\/li><\/ol><h4><strong>V. <\/strong><strong>Az adatok c\u00edmzettjei (adatfeldolgoz\u00f3k \u00e9s harmadik felek)<\/strong><\/h4><ol><li>Az adatokat a k\u00f6vetkez\u0151 felek kaphatj\u00e1k meg:<ul><li>A szerz\u0151d\u00e9s teljes\u00edt\u00e9s\u00e9ben r\u00e9szt vev\u0151 szolg\u00e1ltat\u00f3k<\/li><li>A weboldal m\u0171k\u00f6dtet\u00e9s\u00e9hez \u00e9s kamp\u00e1nyok kezel\u00e9s\u00e9hez sz\u00fcks\u00e9ges szolg\u00e1ltat\u00f3k<\/li><li>Marketing szolg\u00e1ltat\u00f3k<\/li><\/ul><\/li><li>Az adatkezel\u00e9st a V\u00e1llalat v\u00e9gzi, de az al\u00e1bbi adatfeldolgoz\u00f3k is \u00e9rintettek lehetnek:<ul><li>Google Ads, Google Analytics szolg\u00e1ltat\u00f3k<\/li><li>Egy\u00e9b feldolgoz\u00e1si szoftverek \u00e9s alkalmaz\u00e1sok, amelyeket a V\u00e1llalat jelenleg nem haszn\u00e1l<\/li><\/ul><\/li><\/ol><h4><strong>VI. <\/strong><strong>Az \u00e9rintettek jogai<\/strong><\/h4><ol><li>Az \u00e9rintett jogosult:<ul><li>Hozz\u00e1f\u00e9r\u00e9st k\u00e9rni a szem\u00e9lyes adataihoz (GDPR 15. cikk)<\/li><li>Az adatok helyesb\u00edt\u00e9s\u00e9re (GDPR 16. cikk) vagy az adatkezel\u00e9s korl\u00e1toz\u00e1s\u00e1ra (GDPR 18. cikk)<\/li><li>Az adatok t\u00f6rl\u00e9s\u00e9re (GDPR 17. cikk)<\/li><li>Az adatkezel\u00e9s elleni tiltakoz\u00e1sra (GDPR 21. cikk)<\/li><li>Az adatok hordozhat\u00f3s\u00e1g\u00e1ra (GDPR 20. cikk)<\/li><li>Az adatkezel\u00e9si hozz\u00e1j\u00e1rul\u00e1s visszavon\u00e1s\u00e1ra az I. fejezet 2. pontj\u00e1ban megadott el\u00e9rhet\u0151s\u00e9geken kereszt\u00fcl<\/li><li>Panaszt tenni a Nemzeti Adatv\u00e9delmi \u00e9s Inform\u00e1ci\u00f3szabads\u00e1g Hat\u00f3s\u00e1gn\u00e1l, ha jogs\u00e9rt\u00e9st \u00e9szlel<\/li><\/ul><\/li><\/ol><h4><strong>VII. <\/strong><strong>Az adatok biztons\u00e1ga<\/strong><\/h4><ol><li>A V\u00e1llalat megfelel\u0151 technikai \u00e9s szervez\u00e9si int\u00e9zked\u00e9seket hozott az adatok v\u00e9delme \u00e9rdek\u00e9ben.<\/li><li>A V\u00e1llalat biztons\u00e1gi int\u00e9zked\u00e9seket alkalmaz az adatok t\u00e1rol\u00e1s\u00e1ra \u00e9s kezel\u00e9s\u00e9re.<\/li><li>A szem\u00e9lyes adatokhoz csak felhatalmazott szem\u00e9lyek f\u00e9rhetnek hozz\u00e1.<\/li><\/ol><h4><strong>VIII. <\/strong><strong>\u00a0Cookie-k kezel\u00e9se<\/strong><\/h4><ol><li>A weboldal az al\u00e1bbi t\u00edpus\u00fa cookie-kat haszn\u00e1lja:<ul><li><strong>N\u00e9lk\u00fcl\u00f6zhetetlen cookie-k<\/strong>: A weboldal alapvet\u0151 m\u0171k\u00f6d\u00e9s\u00e9hez sz\u00fcks\u00e9gesek.<\/li><li><strong>Funkcion\u00e1lis cookie-k<\/strong>: A weboldal k\u00e9nyelmi funkci\u00f3it biztos\u00edtj\u00e1k.<\/li><li><strong>Analitikai cookie-k<\/strong>: A l\u00e1togat\u00f3k tev\u00e9kenys\u00e9g\u00e9nek elemz\u00e9s\u00e9re szolg\u00e1lnak.<\/li><li><strong>Rekl\u00e1mcookie-k<\/strong>: Szem\u00e9lyre szabott hirdet\u00e9sek megjelen\u00edt\u00e9s\u00e9re szolg\u00e1lnak.<\/li><\/ul><\/li><\/ol><p>A felhaszn\u00e1l\u00f3 a b\u00f6ng\u00e9sz\u0151 be\u00e1ll\u00edt\u00e1saiban m\u00f3dos\u00edthatja a cookie-k kezel\u00e9s\u00e9t. Tov\u00e1bbi inform\u00e1ci\u00f3k az egyes b\u00f6ng\u00e9sz\u0151k s\u00fag\u00f3j\u00e1ban tal\u00e1lhat\u00f3k.<\/p><h4><strong>IX. <\/strong><strong>Z\u00e1r\u00f3 rendelkez\u00e9sek<\/strong><\/h4><ol><li>Az internetes rendel\u00e9si \u0171rlap elk\u00fcld\u00e9s\u00e9vel az \u00e9rintett meger\u0151s\u00edti, hogy megismerte \u00e9s elfogadja az adatv\u00e9delmi ir\u00e1nyelveket.<\/li><li>A V\u00e1llalat jogosult az ir\u00e1nyelvek m\u00f3dos\u00edt\u00e1s\u00e1ra, amelyeket k\u00f6zz\u00e9tesz a weboldalon \u00e9s \u00e9rtes\u00edti az \u00e9rintetteket.<\/li><li>Jelen ir\u00e1nyelvek hat\u00e1lyba l\u00e9p\u00e9s\u00e9nek d\u00e1tuma: 2025.08.01.<\/li><\/ol>\t\t\t\t\t\t\t\t<\/div>\n\t\t\t\t<\/div>\n\t\t\t\t\t<\/div>\n\t\t\t\t<\/div>\n\t\t\t\t<\/div>\n\t\t","protected":false},"excerpt":{"rendered":"<p>GDPR I. Alapvet\u0151 rendelkez\u00e9sek Az adatkezel\u0151 az Eur\u00f3pai Parlament \u00e9s a Tan\u00e1cs (EU) 2016\/679 rendelete (GDPR) \u00e9rtelm\u00e9ben a\u00a0KN SMART SERVIS, a.s. sz\u00e9khelye:\u00a0N\u00e1m. gen. Klapku 1, 945 01 Kom\u00e1rno, c\u00e9gjegyz\u00e9ksz\u00e1m:\u00a046933093, bejegyezve az\u00a0Okresn\u00fd s\u00fad Nitra\u00a0c\u00e9gjegyz\u00e9k\u00e9ben, bejegyz\u00e9si sz\u00e1m:\u00a010555\/N\u00a0(a tov\u00e1bbiakban: \u201eV\u00e1llalat\u201d). A V\u00e1llalat el\u00e9rhet\u0151s\u00e9gei:Sz\u00e9khely: N\u00e1m. gen. Klapku 1, 945 01 Kom\u00e1rnoE-mail: info@knsmart.skTelefon: +421 918 343 955 Az \u00e9rintett szem\u00e9lyes [&hellip;]<\/p>\n","protected":false},"author":1,"featured_media":0,"parent":0,"menu_order":0,"comment_status":"closed","ping_status":"open","template":"","meta":{"_acf_changed":false,"footnotes":""},"class_list":["post-1362","page","type-page","status-publish","hentry"],"acf":[],"yoast_head":"<!-- This site is optimized with the Yoast SEO plugin v27.2 - https:\/\/yoast.com\/product\/yoast-seo-wordpress\/ -->\n<title>Adatkezel\u00e9si ir\u00e1nyelvek - KN Smart Servis a.s.<\/title>\n<meta name=\"robots\" content=\"index, follow, max-snippet:-1, max-image-preview:large, max-video-preview:-1\" \/>\n<link rel=\"canonical\" href=\"https:\/\/www.knsmart.sk\/hu\/adatkezelesi-iranyelvek\/\" \/>\n<meta property=\"og:locale\" content=\"hu_HU\" \/>\n<meta property=\"og:type\" content=\"article\" \/>\n<meta property=\"og:title\" content=\"Adatkezel\u00e9si ir\u00e1nyelvek - KN Smart Servis a.s.\" \/>\n<meta property=\"og:description\" content=\"GDPR I. Alapvet\u0151 rendelkez\u00e9sek Az adatkezel\u0151 az Eur\u00f3pai Parlament \u00e9s a Tan\u00e1cs (EU) 2016\/679 rendelete (GDPR) \u00e9rtelm\u00e9ben a\u00a0KN SMART SERVIS, a.s. sz\u00e9khelye:\u00a0N\u00e1m. gen. Klapku 1, 945 01 Kom\u00e1rno, c\u00e9gjegyz\u00e9ksz\u00e1m:\u00a046933093, bejegyezve az\u00a0Okresn\u00fd s\u00fad Nitra\u00a0c\u00e9gjegyz\u00e9k\u00e9ben, bejegyz\u00e9si sz\u00e1m:\u00a010555\/N\u00a0(a tov\u00e1bbiakban: \u201eV\u00e1llalat\u201d). A V\u00e1llalat el\u00e9rhet\u0151s\u00e9gei:Sz\u00e9khely: N\u00e1m. gen. Klapku 1, 945 01 Kom\u00e1rnoE-mail: info@knsmart.skTelefon: +421 918 343 955 Az \u00e9rintett szem\u00e9lyes [&hellip;]\" \/>\n<meta property=\"og:url\" content=\"https:\/\/www.knsmart.sk\/hu\/adatkezelesi-iranyelvek\/\" \/>\n<meta property=\"og:site_name\" content=\"KN Smart Servis a.s.\" \/>\n<meta property=\"article:publisher\" content=\"https:\/\/www.facebook.com\/knsmartservis\" \/>\n<meta property=\"article:modified_time\" content=\"2025-08-11T12:49:11+00:00\" \/>\n<meta property=\"og:image\" content=\"https:\/\/www.knsmart.sk\/wp-content\/uploads\/2025\/05\/kn-smart-post-default.jpg\" \/>\n\t<meta property=\"og:image:width\" content=\"768\" \/>\n\t<meta property=\"og:image:height\" content=\"499\" \/>\n\t<meta property=\"og:image:type\" content=\"image\/jpeg\" \/>\n<meta name=\"twitter:card\" content=\"summary_large_image\" \/>\n<meta name=\"twitter:label1\" content=\"Becs\u00fclt olvas\u00e1si id\u0151\" \/>\n\t<meta name=\"twitter:data1\" content=\"3 perc\" \/>\n<script type=\"application\/ld+json\" class=\"yoast-schema-graph\">{\"@context\":\"https:\/\/schema.org\",\"@graph\":[{\"@type\":\"WebPage\",\"@id\":\"https:\/\/www.knsmart.sk\/hu\/adatkezelesi-iranyelvek\/\",\"url\":\"https:\/\/www.knsmart.sk\/hu\/adatkezelesi-iranyelvek\/\",\"name\":\"Adatkezel\u00e9si ir\u00e1nyelvek - KN Smart Servis a.s.\",\"isPartOf\":{\"@id\":\"https:\/\/www.knsmart.sk\/hu\/#website\"},\"datePublished\":\"2025-05-05T06:33:56+00:00\",\"dateModified\":\"2025-08-11T12:49:11+00:00\",\"breadcrumb\":{\"@id\":\"https:\/\/www.knsmart.sk\/hu\/adatkezelesi-iranyelvek\/#breadcrumb\"},\"inLanguage\":\"hu\",\"potentialAction\":[{\"@type\":\"ReadAction\",\"target\":[\"https:\/\/www.knsmart.sk\/hu\/adatkezelesi-iranyelvek\/\"]}]},{\"@type\":\"BreadcrumbList\",\"@id\":\"https:\/\/www.knsmart.sk\/hu\/adatkezelesi-iranyelvek\/#breadcrumb\",\"itemListElement\":[{\"@type\":\"ListItem\",\"position\":1,\"name\":\"Domovsk\u00e1 str\u00e1nka\",\"item\":\"https:\/\/www.knsmart.sk\/hu\/\"},{\"@type\":\"ListItem\",\"position\":2,\"name\":\"Adatkezel\u00e9si ir\u00e1nyelvek\"}]},{\"@type\":\"WebSite\",\"@id\":\"https:\/\/www.knsmart.sk\/hu\/#website\",\"url\":\"https:\/\/www.knsmart.sk\/hu\/\",\"name\":\"KN Smart Servis a.s.\",\"description\":\"Pracujme na \u010distote mesta spolo\u010dne\",\"publisher\":{\"@id\":\"https:\/\/www.knsmart.sk\/hu\/#organization\"},\"potentialAction\":[{\"@type\":\"SearchAction\",\"target\":{\"@type\":\"EntryPoint\",\"urlTemplate\":\"https:\/\/www.knsmart.sk\/hu\/?s={search_term_string}\"},\"query-input\":{\"@type\":\"PropertyValueSpecification\",\"valueRequired\":true,\"valueName\":\"search_term_string\"}}],\"inLanguage\":\"hu\"},{\"@type\":\"Organization\",\"@id\":\"https:\/\/www.knsmart.sk\/hu\/#organization\",\"name\":\"KN Smart Servis a.s.\",\"url\":\"https:\/\/www.knsmart.sk\/hu\/\",\"logo\":{\"@type\":\"ImageObject\",\"inLanguage\":\"hu\",\"@id\":\"https:\/\/www.knsmart.sk\/hu\/#\/schema\/logo\/image\/\",\"url\":\"https:\/\/www.knsmart.sk\/wp-content\/uploads\/2025\/05\/KNsmart_logo_white.png\",\"contentUrl\":\"https:\/\/www.knsmart.sk\/wp-content\/uploads\/2025\/05\/KNsmart_logo_white.png\",\"width\":300,\"height\":112,\"caption\":\"KN Smart Servis a.s.\"},\"image\":{\"@id\":\"https:\/\/www.knsmart.sk\/hu\/#\/schema\/logo\/image\/\"},\"sameAs\":[\"https:\/\/www.facebook.com\/knsmartservis\"]}]}<\/script>\n<!-- \/ Yoast SEO plugin. -->","yoast_head_json":{"title":"Adatkezel\u00e9si ir\u00e1nyelvek - KN Smart Servis a.s.","robots":{"index":"index","follow":"follow","max-snippet":"max-snippet:-1","max-image-preview":"max-image-preview:large","max-video-preview":"max-video-preview:-1"},"canonical":"https:\/\/www.knsmart.sk\/hu\/adatkezelesi-iranyelvek\/","og_locale":"hu_HU","og_type":"article","og_title":"Adatkezel\u00e9si ir\u00e1nyelvek - KN Smart Servis a.s.","og_description":"GDPR I. Alapvet\u0151 rendelkez\u00e9sek Az adatkezel\u0151 az Eur\u00f3pai Parlament \u00e9s a Tan\u00e1cs (EU) 2016\/679 rendelete (GDPR) \u00e9rtelm\u00e9ben a\u00a0KN SMART SERVIS, a.s. sz\u00e9khelye:\u00a0N\u00e1m. gen. Klapku 1, 945 01 Kom\u00e1rno, c\u00e9gjegyz\u00e9ksz\u00e1m:\u00a046933093, bejegyezve az\u00a0Okresn\u00fd s\u00fad Nitra\u00a0c\u00e9gjegyz\u00e9k\u00e9ben, bejegyz\u00e9si sz\u00e1m:\u00a010555\/N\u00a0(a tov\u00e1bbiakban: \u201eV\u00e1llalat\u201d). A V\u00e1llalat el\u00e9rhet\u0151s\u00e9gei:Sz\u00e9khely: N\u00e1m. gen. Klapku 1, 945 01 Kom\u00e1rnoE-mail: info@knsmart.skTelefon: +421 918 343 955 Az \u00e9rintett szem\u00e9lyes [&hellip;]","og_url":"https:\/\/www.knsmart.sk\/hu\/adatkezelesi-iranyelvek\/","og_site_name":"KN Smart Servis a.s.","article_publisher":"https:\/\/www.facebook.com\/knsmartservis","article_modified_time":"2025-08-11T12:49:11+00:00","og_image":[{"width":768,"height":499,"url":"https:\/\/www.knsmart.sk\/wp-content\/uploads\/2025\/05\/kn-smart-post-default.jpg","type":"image\/jpeg"}],"twitter_card":"summary_large_image","twitter_misc":{"Becs\u00fclt olvas\u00e1si id\u0151":"3 perc"},"schema":{"@context":"https:\/\/schema.org","@graph":[{"@type":"WebPage","@id":"https:\/\/www.knsmart.sk\/hu\/adatkezelesi-iranyelvek\/","url":"https:\/\/www.knsmart.sk\/hu\/adatkezelesi-iranyelvek\/","name":"Adatkezel\u00e9si ir\u00e1nyelvek - KN Smart Servis a.s.","isPartOf":{"@id":"https:\/\/www.knsmart.sk\/hu\/#website"},"datePublished":"2025-05-05T06:33:56+00:00","dateModified":"2025-08-11T12:49:11+00:00","breadcrumb":{"@id":"https:\/\/www.knsmart.sk\/hu\/adatkezelesi-iranyelvek\/#breadcrumb"},"inLanguage":"hu","potentialAction":[{"@type":"ReadAction","target":["https:\/\/www.knsmart.sk\/hu\/adatkezelesi-iranyelvek\/"]}]},{"@type":"BreadcrumbList","@id":"https:\/\/www.knsmart.sk\/hu\/adatkezelesi-iranyelvek\/#breadcrumb","itemListElement":[{"@type":"ListItem","position":1,"name":"Domovsk\u00e1 str\u00e1nka","item":"https:\/\/www.knsmart.sk\/hu\/"},{"@type":"ListItem","position":2,"name":"Adatkezel\u00e9si ir\u00e1nyelvek"}]},{"@type":"WebSite","@id":"https:\/\/www.knsmart.sk\/hu\/#website","url":"https:\/\/www.knsmart.sk\/hu\/","name":"KN Smart Servis a.s.","description":"Pracujme na \u010distote mesta spolo\u010dne","publisher":{"@id":"https:\/\/www.knsmart.sk\/hu\/#organization"},"potentialAction":[{"@type":"SearchAction","target":{"@type":"EntryPoint","urlTemplate":"https:\/\/www.knsmart.sk\/hu\/?s={search_term_string}"},"query-input":{"@type":"PropertyValueSpecification","valueRequired":true,"valueName":"search_term_string"}}],"inLanguage":"hu"},{"@type":"Organization","@id":"https:\/\/www.knsmart.sk\/hu\/#organization","name":"KN Smart Servis a.s.","url":"https:\/\/www.knsmart.sk\/hu\/","logo":{"@type":"ImageObject","inLanguage":"hu","@id":"https:\/\/www.knsmart.sk\/hu\/#\/schema\/logo\/image\/","url":"https:\/\/www.knsmart.sk\/wp-content\/uploads\/2025\/05\/KNsmart_logo_white.png","contentUrl":"https:\/\/www.knsmart.sk\/wp-content\/uploads\/2025\/05\/KNsmart_logo_white.png","width":300,"height":112,"caption":"KN Smart Servis a.s."},"image":{"@id":"https:\/\/www.knsmart.sk\/hu\/#\/schema\/logo\/image\/"},"sameAs":["https:\/\/www.facebook.com\/knsmartservis"]}]}},"_links":{"self":[{"href":"https:\/\/www.knsmart.sk\/hu\/wp-json\/wp\/v2\/pages\/1362","targetHints":{"allow":["GET"]}}],"collection":[{"href":"https:\/\/www.knsmart.sk\/hu\/wp-json\/wp\/v2\/pages"}],"about":[{"href":"https:\/\/www.knsmart.sk\/hu\/wp-json\/wp\/v2\/types\/page"}],"author":[{"embeddable":true,"href":"https:\/\/www.knsmart.sk\/hu\/wp-json\/wp\/v2\/users\/1"}],"replies":[{"embeddable":true,"href":"https:\/\/www.knsmart.sk\/hu\/wp-json\/wp\/v2\/comments?post=1362"}],"version-history":[{"count":6,"href":"https:\/\/www.knsmart.sk\/hu\/wp-json\/wp\/v2\/pages\/1362\/revisions"}],"predecessor-version":[{"id":1376,"href":"https:\/\/www.knsmart.sk\/hu\/wp-json\/wp\/v2\/pages\/1362\/revisions\/1376"}],"wp:attachment":[{"href":"https:\/\/www.knsmart.sk\/hu\/wp-json\/wp\/v2\/media?parent=1362"}],"curies":[{"name":"wp","href":"https:\/\/api.w.org\/{rel}","templated":true}]}}