{"id":922,"date":"2025-07-10T13:56:12","date_gmt":"2025-07-10T11:56:12","guid":{"rendered":"https:\/\/www.knsmart.sk\/kotelezo-kozzetetel\/"},"modified":"2025-07-14T14:58:38","modified_gmt":"2025-07-14T12:58:38","slug":"kotelezo-kozzetetel","status":"publish","type":"page","link":"https:\/\/www.knsmart.sk\/hu\/kotelezo-kozzetetel\/","title":{"rendered":"K\u00f6telez\u0151 k\u00f6zz\u00e9t\u00e9tel"},"content":{"rendered":"\t\t<div data-elementor-type=\"wp-page\" data-elementor-id=\"922\" class=\"elementor elementor-922 elementor-649\" data-elementor-post-type=\"page\">\n\t\t\t\t<div class=\"elementor-element elementor-element-d1e6e11 e-flex e-con-boxed e-con e-parent\" data-id=\"d1e6e11\" data-element_type=\"container\" data-e-type=\"container\">\n\t\t\t\t\t<div class=\"e-con-inner\">\n\t\t\t\t<div class=\"elementor-element elementor-element-de42362 elementor-widget elementor-widget-heading\" data-id=\"de42362\" data-element_type=\"widget\" data-e-type=\"widget\" data-widget_type=\"heading.default\">\n\t\t\t\t<div class=\"elementor-widget-container\">\n\t\t\t\t\t<span class=\"elementor-heading-title elementor-size-default\">K\u00f6telez\u0151 k\u00f6zz\u00e9t\u00e9tel<\/span>\t\t\t\t<\/div>\n\t\t\t\t<\/div>\n\t\t\t\t<div class=\"elementor-element elementor-element-a75bf55 elementor-widget__width-initial elementor-widget-tablet__width-inherit elementor-widget elementor-widget-heading\" data-id=\"a75bf55\" data-element_type=\"widget\" data-e-type=\"widget\" data-widget_type=\"heading.default\">\n\t\t\t\t<div class=\"elementor-widget-container\">\n\t\t\t\t\t<h1 class=\"elementor-heading-title elementor-size-default\">Let\u00f6lthet\u0151 dokumentumok <\/h1>\t\t\t\t<\/div>\n\t\t\t\t<\/div>\n\t\t\t\t\t<\/div>\n\t\t\t\t<\/div>\n\t\t<div class=\"elementor-element elementor-element-a0fa567 e-flex e-con-boxed e-con e-parent\" data-id=\"a0fa567\" data-element_type=\"container\" data-e-type=\"container\">\n\t\t\t\t\t<div class=\"e-con-inner\">\n\t\t\t\t<div class=\"elementor-element elementor-element-4b735d8 elementor-grid-1 elementor-grid-tablet-2 elementor-grid-mobile-1 elementor-widget elementor-widget-loop-grid\" data-id=\"4b735d8\" data-element_type=\"widget\" data-e-type=\"widget\" data-settings=\"{&quot;template_id&quot;:990,&quot;columns&quot;:1,&quot;pagination_type&quot;:&quot;load_more_on_click&quot;,&quot;row_gap&quot;:{&quot;unit&quot;:&quot;px&quot;,&quot;size&quot;:0,&quot;sizes&quot;:[]},&quot;_skin&quot;:&quot;post&quot;,&quot;columns_tablet&quot;:&quot;2&quot;,&quot;columns_mobile&quot;:&quot;1&quot;,&quot;edit_handle_selector&quot;:&quot;[data-elementor-type=\\&quot;loop-item\\&quot;]&quot;,&quot;load_more_spinner&quot;:{&quot;value&quot;:&quot;fas fa-spinner&quot;,&quot;library&quot;:&quot;fa-solid&quot;},&quot;row_gap_laptop&quot;:{&quot;unit&quot;:&quot;px&quot;,&quot;size&quot;:&quot;&quot;,&quot;sizes&quot;:[]},&quot;row_gap_tablet&quot;:{&quot;unit&quot;:&quot;px&quot;,&quot;size&quot;:&quot;&quot;,&quot;sizes&quot;:[]},&quot;row_gap_mobile&quot;:{&quot;unit&quot;:&quot;px&quot;,&quot;size&quot;:&quot;&quot;,&quot;sizes&quot;:[]}}\" data-widget_type=\"loop-grid.post\">\n\t\t\t\t<div class=\"elementor-widget-container\">\n\t\t\t\t\t\t\t<div class=\"e-loop-nothing-found-message\">\n\t\t<\/div>\n\t\t\t\t\t\t<\/div>\n\t\t\t\t<\/div>\n\t\t\t\t\t<\/div>\n\t\t\t\t<\/div>\n\t\t\t\t<\/div>\n\t\t","protected":false},"excerpt":{"rendered":"<p>Let\u00f6lthet\u0151 dokumentumok Fakt\u00fary 2022 Fakt\u00fary 2023 Fakt\u00fary 2024 Zmluvy<\/p>\n","protected":false},"author":1,"featured_media":0,"parent":0,"menu_order":0,"comment_status":"closed","ping_status":"closed","template":"","meta":{"_acf_changed":false,"footnotes":""},"class_list":["post-922","page","type-page","status-publish","hentry"],"acf":[],"yoast_head":"<!-- This site is optimized with the Yoast SEO plugin v27.2 - https:\/\/yoast.com\/product\/yoast-seo-wordpress\/ -->\n<title>K\u00f6telez\u0151 k\u00f6zz\u00e9t\u00e9tel - KN Smart Servis a.s.<\/title>\n<meta name=\"robots\" content=\"index, follow, max-snippet:-1, max-image-preview:large, max-video-preview:-1\" \/>\n<link rel=\"canonical\" href=\"https:\/\/www.knsmart.sk\/hu\/kotelezo-kozzetetel\/\" \/>\n<meta property=\"og:locale\" content=\"hu_HU\" \/>\n<meta property=\"og:type\" content=\"article\" \/>\n<meta property=\"og:title\" content=\"K\u00f6telez\u0151 k\u00f6zz\u00e9t\u00e9tel - KN Smart Servis a.s.\" \/>\n<meta property=\"og:description\" content=\"Let\u00f6lthet\u0151 dokumentumok Fakt\u00fary 2022 Fakt\u00fary 2023 Fakt\u00fary 2024 Zmluvy\" \/>\n<meta property=\"og:url\" content=\"https:\/\/www.knsmart.sk\/hu\/kotelezo-kozzetetel\/\" \/>\n<meta property=\"og:site_name\" content=\"KN Smart Servis a.s.\" \/>\n<meta property=\"article:publisher\" content=\"https:\/\/www.facebook.com\/knsmartservis\" \/>\n<meta property=\"article:modified_time\" content=\"2025-07-14T12:58:38+00:00\" \/>\n<meta property=\"og:image\" content=\"https:\/\/www.knsmart.sk\/wp-content\/uploads\/2025\/05\/kn-smart-post-default.jpg\" \/>\n\t<meta property=\"og:image:width\" content=\"768\" \/>\n\t<meta property=\"og:image:height\" content=\"499\" \/>\n\t<meta property=\"og:image:type\" content=\"image\/jpeg\" \/>\n<meta name=\"twitter:card\" content=\"summary_large_image\" \/>\n<script type=\"application\/ld+json\" class=\"yoast-schema-graph\">{\"@context\":\"https:\/\/schema.org\",\"@graph\":[{\"@type\":\"WebPage\",\"@id\":\"https:\/\/www.knsmart.sk\/hu\/kotelezo-kozzetetel\/\",\"url\":\"https:\/\/www.knsmart.sk\/hu\/kotelezo-kozzetetel\/\",\"name\":\"K\u00f6telez\u0151 k\u00f6zz\u00e9t\u00e9tel - KN Smart Servis a.s.\",\"isPartOf\":{\"@id\":\"https:\/\/www.knsmart.sk\/hu\/#website\"},\"datePublished\":\"2025-07-10T11:56:12+00:00\",\"dateModified\":\"2025-07-14T12:58:38+00:00\",\"breadcrumb\":{\"@id\":\"https:\/\/www.knsmart.sk\/hu\/kotelezo-kozzetetel\/#breadcrumb\"},\"inLanguage\":\"hu\",\"potentialAction\":[{\"@type\":\"ReadAction\",\"target\":[\"https:\/\/www.knsmart.sk\/hu\/kotelezo-kozzetetel\/\"]}]},{\"@type\":\"BreadcrumbList\",\"@id\":\"https:\/\/www.knsmart.sk\/hu\/kotelezo-kozzetetel\/#breadcrumb\",\"itemListElement\":[{\"@type\":\"ListItem\",\"position\":1,\"name\":\"Domovsk\u00e1 str\u00e1nka\",\"item\":\"https:\/\/www.knsmart.sk\/hu\/\"},{\"@type\":\"ListItem\",\"position\":2,\"name\":\"K\u00f6telez\u0151 k\u00f6zz\u00e9t\u00e9tel\"}]},{\"@type\":\"WebSite\",\"@id\":\"https:\/\/www.knsmart.sk\/hu\/#website\",\"url\":\"https:\/\/www.knsmart.sk\/hu\/\",\"name\":\"KN Smart Servis a.s.\",\"description\":\"Pracujme na \u010distote mesta spolo\u010dne\",\"publisher\":{\"@id\":\"https:\/\/www.knsmart.sk\/hu\/#organization\"},\"potentialAction\":[{\"@type\":\"SearchAction\",\"target\":{\"@type\":\"EntryPoint\",\"urlTemplate\":\"https:\/\/www.knsmart.sk\/hu\/?s={search_term_string}\"},\"query-input\":{\"@type\":\"PropertyValueSpecification\",\"valueRequired\":true,\"valueName\":\"search_term_string\"}}],\"inLanguage\":\"hu\"},{\"@type\":\"Organization\",\"@id\":\"https:\/\/www.knsmart.sk\/hu\/#organization\",\"name\":\"KN Smart Servis a.s.\",\"url\":\"https:\/\/www.knsmart.sk\/hu\/\",\"logo\":{\"@type\":\"ImageObject\",\"inLanguage\":\"hu\",\"@id\":\"https:\/\/www.knsmart.sk\/hu\/#\/schema\/logo\/image\/\",\"url\":\"https:\/\/www.knsmart.sk\/wp-content\/uploads\/2025\/05\/KNsmart_logo_white.png\",\"contentUrl\":\"https:\/\/www.knsmart.sk\/wp-content\/uploads\/2025\/05\/KNsmart_logo_white.png\",\"width\":300,\"height\":112,\"caption\":\"KN Smart Servis a.s.\"},\"image\":{\"@id\":\"https:\/\/www.knsmart.sk\/hu\/#\/schema\/logo\/image\/\"},\"sameAs\":[\"https:\/\/www.facebook.com\/knsmartservis\"]}]}<\/script>\n<!-- \/ Yoast SEO plugin. -->","yoast_head_json":{"title":"K\u00f6telez\u0151 k\u00f6zz\u00e9t\u00e9tel - KN Smart Servis a.s.","robots":{"index":"index","follow":"follow","max-snippet":"max-snippet:-1","max-image-preview":"max-image-preview:large","max-video-preview":"max-video-preview:-1"},"canonical":"https:\/\/www.knsmart.sk\/hu\/kotelezo-kozzetetel\/","og_locale":"hu_HU","og_type":"article","og_title":"K\u00f6telez\u0151 k\u00f6zz\u00e9t\u00e9tel - KN Smart Servis a.s.","og_description":"Let\u00f6lthet\u0151 dokumentumok Fakt\u00fary 2022 Fakt\u00fary 2023 Fakt\u00fary 2024 Zmluvy","og_url":"https:\/\/www.knsmart.sk\/hu\/kotelezo-kozzetetel\/","og_site_name":"KN Smart Servis a.s.","article_publisher":"https:\/\/www.facebook.com\/knsmartservis","article_modified_time":"2025-07-14T12:58:38+00:00","og_image":[{"width":768,"height":499,"url":"https:\/\/www.knsmart.sk\/wp-content\/uploads\/2025\/05\/kn-smart-post-default.jpg","type":"image\/jpeg"}],"twitter_card":"summary_large_image","schema":{"@context":"https:\/\/schema.org","@graph":[{"@type":"WebPage","@id":"https:\/\/www.knsmart.sk\/hu\/kotelezo-kozzetetel\/","url":"https:\/\/www.knsmart.sk\/hu\/kotelezo-kozzetetel\/","name":"K\u00f6telez\u0151 k\u00f6zz\u00e9t\u00e9tel - KN Smart Servis a.s.","isPartOf":{"@id":"https:\/\/www.knsmart.sk\/hu\/#website"},"datePublished":"2025-07-10T11:56:12+00:00","dateModified":"2025-07-14T12:58:38+00:00","breadcrumb":{"@id":"https:\/\/www.knsmart.sk\/hu\/kotelezo-kozzetetel\/#breadcrumb"},"inLanguage":"hu","potentialAction":[{"@type":"ReadAction","target":["https:\/\/www.knsmart.sk\/hu\/kotelezo-kozzetetel\/"]}]},{"@type":"BreadcrumbList","@id":"https:\/\/www.knsmart.sk\/hu\/kotelezo-kozzetetel\/#breadcrumb","itemListElement":[{"@type":"ListItem","position":1,"name":"Domovsk\u00e1 str\u00e1nka","item":"https:\/\/www.knsmart.sk\/hu\/"},{"@type":"ListItem","position":2,"name":"K\u00f6telez\u0151 k\u00f6zz\u00e9t\u00e9tel"}]},{"@type":"WebSite","@id":"https:\/\/www.knsmart.sk\/hu\/#website","url":"https:\/\/www.knsmart.sk\/hu\/","name":"KN Smart Servis a.s.","description":"Pracujme na \u010distote mesta spolo\u010dne","publisher":{"@id":"https:\/\/www.knsmart.sk\/hu\/#organization"},"potentialAction":[{"@type":"SearchAction","target":{"@type":"EntryPoint","urlTemplate":"https:\/\/www.knsmart.sk\/hu\/?s={search_term_string}"},"query-input":{"@type":"PropertyValueSpecification","valueRequired":true,"valueName":"search_term_string"}}],"inLanguage":"hu"},{"@type":"Organization","@id":"https:\/\/www.knsmart.sk\/hu\/#organization","name":"KN Smart Servis a.s.","url":"https:\/\/www.knsmart.sk\/hu\/","logo":{"@type":"ImageObject","inLanguage":"hu","@id":"https:\/\/www.knsmart.sk\/hu\/#\/schema\/logo\/image\/","url":"https:\/\/www.knsmart.sk\/wp-content\/uploads\/2025\/05\/KNsmart_logo_white.png","contentUrl":"https:\/\/www.knsmart.sk\/wp-content\/uploads\/2025\/05\/KNsmart_logo_white.png","width":300,"height":112,"caption":"KN Smart Servis a.s."},"image":{"@id":"https:\/\/www.knsmart.sk\/hu\/#\/schema\/logo\/image\/"},"sameAs":["https:\/\/www.facebook.com\/knsmartservis"]}]}},"_links":{"self":[{"href":"https:\/\/www.knsmart.sk\/hu\/wp-json\/wp\/v2\/pages\/922","targetHints":{"allow":["GET"]}}],"collection":[{"href":"https:\/\/www.knsmart.sk\/hu\/wp-json\/wp\/v2\/pages"}],"about":[{"href":"https:\/\/www.knsmart.sk\/hu\/wp-json\/wp\/v2\/types\/page"}],"author":[{"embeddable":true,"href":"https:\/\/www.knsmart.sk\/hu\/wp-json\/wp\/v2\/users\/1"}],"replies":[{"embeddable":true,"href":"https:\/\/www.knsmart.sk\/hu\/wp-json\/wp\/v2\/comments?post=922"}],"version-history":[{"count":1,"href":"https:\/\/www.knsmart.sk\/hu\/wp-json\/wp\/v2\/pages\/922\/revisions"}],"predecessor-version":[{"id":923,"href":"https:\/\/www.knsmart.sk\/hu\/wp-json\/wp\/v2\/pages\/922\/revisions\/923"}],"wp:attachment":[{"href":"https:\/\/www.knsmart.sk\/hu\/wp-json\/wp\/v2\/media?parent=922"}],"curies":[{"name":"wp","href":"https:\/\/api.w.org\/{rel}","templated":true}]}}