{"id":937,"date":"2025-07-10T14:28:23","date_gmt":"2025-07-10T12:28:23","guid":{"rendered":"https:\/\/www.knsmart.sk\/emelokosaras-munkaallvany-berlese\/"},"modified":"2025-07-30T13:01:47","modified_gmt":"2025-07-30T11:01:47","slug":"emelokosaras-munkaallvany-berlese","status":"publish","type":"page","link":"https:\/\/www.knsmart.sk\/hu\/emelokosaras-munkaallvany-berlese\/","title":{"rendered":"Emel\u0151kosaras munka\u00e1llv\u00e1ny b\u00e9rl\u00e9se"},"content":{"rendered":"\t\t<div data-elementor-type=\"wp-page\" data-elementor-id=\"937\" class=\"elementor elementor-937 elementor-682\" data-elementor-post-type=\"page\">\n\t\t\t\t<div class=\"elementor-element elementor-element-0cc5fd4 e-flex e-con-boxed e-con e-parent\" data-id=\"0cc5fd4\" data-element_type=\"container\" data-e-type=\"container\">\n\t\t\t\t\t<div class=\"e-con-inner\">\n\t\t\t\t<div class=\"elementor-element elementor-element-37569bb elementor-widget elementor-widget-heading\" data-id=\"37569bb\" data-element_type=\"widget\" data-e-type=\"widget\" data-widget_type=\"heading.default\">\n\t\t\t\t<div class=\"elementor-widget-container\">\n\t\t\t\t\t<span class=\"elementor-heading-title elementor-size-default\">Megb\u00edzhat\u00f3 megold\u00e1s magasban v\u00e9gzett munk\u00e1khoz<\/span>\t\t\t\t<\/div>\n\t\t\t\t<\/div>\n\t\t\t\t<div class=\"elementor-element elementor-element-f511539 elementor-widget__width-initial elementor-widget-tablet__width-inherit elementor-widget elementor-widget-heading\" data-id=\"f511539\" data-element_type=\"widget\" data-e-type=\"widget\" data-widget_type=\"heading.default\">\n\t\t\t\t<div class=\"elementor-widget-container\">\n\t\t\t\t\t<h1 class=\"elementor-heading-title elementor-size-default\">Emel\u0151kosaras munka\u00e1llv\u00e1ny b\u00e9rl\u00e9se kedvez\u0151 \u00e1ron<\/h1>\t\t\t\t<\/div>\n\t\t\t\t<\/div>\n\t\t\t\t<div class=\"elementor-element elementor-element-218cbbc elementor-widget__width-initial elementor-widget-tablet__width-inherit elementor-widget elementor-widget-text-editor\" data-id=\"218cbbc\" data-element_type=\"widget\" data-e-type=\"widget\" data-widget_type=\"text-editor.default\">\n\t\t\t\t<div class=\"elementor-widget-container\">\n\t\t\t\t\t\t\t\t\t<p><span style=\"font-weight: 400;\">Biztons\u00e1gosan \u00e9s hat\u00e9konyan szeretne a magasba jutni? A <\/span><b>Nissan Liaz<\/b> <span style=\"font-weight: 400;\">emel\u0151kosaras g\u00e9p\u00fcnkkel gyorsan, biztons\u00e1gosan \u00e9s kedvez\u0151 \u00e1ron v\u00e9gezhet szerel\u00e9si, karbantart\u00e1si vagy egy\u00e9b munk\u00e1kat.<\/span><\/p><p><span style=\"font-weight: 400;\">\ud83d\udc49 <\/span><b>B\u00e9rleti d\u00edj m\u00e1r 36 \u20ac + \u00c1FA \u00e1rt\u00f3l!<\/b><b> <\/b><br><span style=\"font-weight: 400;\">\ud83d\udc49 <\/span><b>Az emel\u0151 hat\u00f3t\u00e1vols\u00e1ga megfelel a magasabb ig\u00e9nyeknek is<\/b><b> <\/b><br><span style=\"font-weight: 400;\">\ud83d\udc49 <\/span><b>Stabil technika, bev\u00e1lt teljes\u00edtm\u00e9ny<\/b><\/p>\t\t\t\t\t\t\t\t<\/div>\n\t\t\t\t<\/div>\n\t\t\t\t\t<\/div>\n\t\t\t\t<\/div>\n\t\t<div class=\"elementor-element elementor-element-a605049 e-flex e-con-boxed e-con e-parent\" data-id=\"a605049\" data-element_type=\"container\" data-e-type=\"container\" data-settings=\"{&quot;background_background&quot;:&quot;classic&quot;}\">\n\t\t\t\t\t<div class=\"e-con-inner\">\n\t\t<div class=\"elementor-element elementor-element-f594dd3 e-con-full e-flex e-con e-child\" data-id=\"f594dd3\" data-element_type=\"container\" data-e-type=\"container\">\n\t\t\t\t<div class=\"elementor-element elementor-element-8e1cd9b elementor-widget__width-initial elementor-widget-tablet__width-inherit elementor-widget elementor-widget-heading\" data-id=\"8e1cd9b\" data-element_type=\"widget\" data-e-type=\"widget\" data-widget_type=\"heading.default\">\n\t\t\t\t<div class=\"elementor-widget-container\">\n\t\t\t\t\t<h2 class=\"elementor-heading-title elementor-size-default\">Oda is eljuttatjuk, ahov\u00e1 a l\u00e9tra m\u00e1r nem el\u00e9g.<\/h2>\t\t\t\t<\/div>\n\t\t\t\t<\/div>\n\t\t\t\t<div class=\"elementor-element elementor-element-8ffb17e elementor-widget elementor-widget-text-editor\" data-id=\"8ffb17e\" data-element_type=\"widget\" data-e-type=\"widget\" data-widget_type=\"text-editor.default\">\n\t\t\t\t<div class=\"elementor-widget-container\">\n\t\t\t\t\t\t\t\t\t<p>\u2705 <strong>Els\u0151 a biztons\u00e1g<\/strong> \u2013 rendszeresen karbantartott g\u00e9ppark<\/p><p><strong>\u2705 Gyors rendelkez\u00e9sre \u00e1ll\u00e1s<\/strong> \u2013 igazodunk az \u00d6n id\u0151beoszt\u00e1s\u00e1hoz<\/p><p>\u2705<strong> Tapasztalt szem\u00e9lyzet<\/strong> \u2013 ig\u00e9ny eset\u00e9n kezel\u0151t is biztos\u00edtunk<\/p>\t\t\t\t\t\t\t\t<\/div>\n\t\t\t\t<\/div>\n\t\t\t\t<\/div>\n\t\t<div class=\"elementor-element elementor-element-f2b50be e-con-full e-flex e-con e-child\" data-id=\"f2b50be\" data-element_type=\"container\" data-e-type=\"container\">\n\t\t\t\t<div class=\"elementor-element elementor-element-c744cd7 elementor-widget elementor-widget-image\" data-id=\"c744cd7\" data-element_type=\"widget\" data-e-type=\"widget\" data-widget_type=\"image.default\">\n\t\t\t\t<div class=\"elementor-widget-container\">\n\t\t\t\t\t\t\t\t\t\t\t\t\t\t\t<img fetchpriority=\"high\" decoding=\"async\" width=\"768\" height=\"499\" src=\"https:\/\/www.knsmart.sk\/wp-content\/uploads\/2025\/05\/kn-smart-post-default.jpg\" class=\"attachment-large size-large wp-image-809\" alt=\"\" srcset=\"https:\/\/www.knsmart.sk\/wp-content\/uploads\/2025\/05\/kn-smart-post-default.jpg 768w, https:\/\/www.knsmart.sk\/wp-content\/uploads\/2025\/05\/kn-smart-post-default-300x195.jpg 300w\" sizes=\"(max-width: 768px) 100vw, 768px\" \/>\t\t\t\t\t\t\t\t\t\t\t\t\t\t\t<\/div>\n\t\t\t\t<\/div>\n\t\t\t\t<\/div>\n\t\t\t\t\t<\/div>\n\t\t\t\t<\/div>\n\t\t<div class=\"elementor-element elementor-element-b67a08f e-flex e-con-boxed e-con e-parent\" data-id=\"b67a08f\" data-element_type=\"container\" data-e-type=\"container\">\n\t\t\t\t\t<div class=\"e-con-inner\">\n\t\t<div class=\"elementor-element elementor-element-4388fab e-con-full e-flex e-con e-child\" data-id=\"4388fab\" data-element_type=\"container\" data-e-type=\"container\" data-settings=\"{&quot;background_background&quot;:&quot;classic&quot;}\">\n\t\t\t\t<div class=\"elementor-element elementor-element-bcc0e69 elementor-widget elementor-widget-heading\" data-id=\"bcc0e69\" data-element_type=\"widget\" data-e-type=\"widget\" data-widget_type=\"heading.default\">\n\t\t\t\t<div class=\"elementor-widget-container\">\n\t\t\t\t\t<h2 class=\"elementor-heading-title elementor-size-default\">Ne v\u00e1rja meg,<br>m\u00edg a magass\u00e1g meglepi<\/h2>\t\t\t\t<\/div>\n\t\t\t\t<\/div>\n\t\t\t\t<div class=\"elementor-element elementor-element-6f71ed2 elementor-widget elementor-widget-text-editor\" data-id=\"6f71ed2\" data-element_type=\"widget\" data-e-type=\"widget\" data-widget_type=\"text-editor.default\">\n\t\t\t\t<div class=\"elementor-widget-container\">\n\t\t\t\t\t\t\t\t\t<p>Roglalja le az emel\u0151t verhetetlen \u00e1ron!<\/p>\t\t\t\t\t\t\t\t<\/div>\n\t\t\t\t<\/div>\n\t\t\t\t<div class=\"elementor-element elementor-element-4ef4633 elementor-align-left btn-min-width elementor-widget elementor-widget-button\" data-id=\"4ef4633\" data-element_type=\"widget\" data-e-type=\"widget\" data-widget_type=\"button.default\">\n\t\t\t\t<div class=\"elementor-widget-container\">\n\t\t\t\t\t\t\t\t\t<div class=\"elementor-button-wrapper\">\n\t\t\t\t\t<a class=\"elementor-button elementor-button-link elementor-size-sm\" href=\"https:\/\/www.knsmart.sk\/hu\/kapcsolat\/\">\n\t\t\t\t\t\t<span class=\"elementor-button-content-wrapper\">\n\t\t\t\t\t\t<span class=\"elementor-button-icon\">\n\t\t\t\t<svg xmlns=\"http:\/\/www.w3.org\/2000\/svg\" width=\"19\" height=\"16\" viewBox=\"0 0 19 16\" fill=\"none\"><path d=\"M10.9287 0.928955C11.3191 0.53853 11.9522 0.538727 12.3428 0.928955L18.707 7.29321C19.0974 7.68375 19.0975 8.31679 18.707 8.70728L12.3428 15.0715C11.9523 15.4616 11.3191 15.4618 10.9287 15.0715C10.5383 14.6811 10.5386 14.048 10.9287 13.6575L15.5859 9.00024H1C0.44779 9.00024 0.000120843 8.55243 0 8.00024C0 7.44796 0.447715 7.00024 1 7.00024H15.5859L10.9287 2.34302C10.5385 1.95251 10.5384 1.31939 10.9287 0.928955Z\" fill=\"#032617\"><\/path><\/svg>\t\t\t<\/span>\n\t\t\t\t\t\t\t\t\t<span class=\"elementor-button-text\">Szem\u00e9lyre szabott \u00e1rat k\u00e9rek<\/span>\n\t\t\t\t\t<\/span>\n\t\t\t\t\t<\/a>\n\t\t\t\t<\/div>\n\t\t\t\t\t\t\t\t<\/div>\n\t\t\t\t<\/div>\n\t\t\t\t<\/div>\n\t\t\t\t\t<\/div>\n\t\t\t\t<\/div>\n\t\t\t\t<\/div>\n\t\t","protected":false},"excerpt":{"rendered":"<p>Megb\u00edzhat\u00f3 megold\u00e1s magasban v\u00e9gzett munk\u00e1khoz Emel\u0151kosaras munka\u00e1llv\u00e1ny b\u00e9rl\u00e9se kedvez\u0151 \u00e1ron Biztons\u00e1gosan \u00e9s hat\u00e9konyan szeretne a magasba jutni? A Nissan Liaz emel\u0151kosaras g\u00e9p\u00fcnkkel gyorsan, biztons\u00e1gosan \u00e9s kedvez\u0151 \u00e1ron v\u00e9gezhet szerel\u00e9si, karbantart\u00e1si vagy egy\u00e9b munk\u00e1kat. \ud83d\udc49 B\u00e9rleti d\u00edj m\u00e1r 36 \u20ac + \u00c1FA \u00e1rt\u00f3l! \ud83d\udc49 Az emel\u0151 hat\u00f3t\u00e1vols\u00e1ga megfelel a magasabb ig\u00e9nyeknek is \ud83d\udc49 Stabil technika, bev\u00e1lt [&hellip;]<\/p>\n","protected":false},"author":1,"featured_media":0,"parent":0,"menu_order":0,"comment_status":"closed","ping_status":"closed","template":"","meta":{"_acf_changed":false,"footnotes":""},"class_list":["post-937","page","type-page","status-publish","hentry"],"acf":[],"yoast_head":"<!-- This site is optimized with the Yoast SEO plugin v27.2 - https:\/\/yoast.com\/product\/yoast-seo-wordpress\/ -->\n<title>Emel\u0151kosaras munka\u00e1llv\u00e1ny b\u00e9rl\u00e9se Kom\u00e1rom - KN Smart Servis a.s.<\/title>\n<meta name=\"description\" content=\"Biztons\u00e1gosan \u00e9s hat\u00e9konyan szeretne a magasba jutni? Emel\u0151kosaras g\u00e9p\u00fcnkkel gyorsan, biztons\u00e1gosan \u00e9s kedvez\u0151 \u00e1ron v\u00e9gezhet szerel\u00e9si, karbantart\u00e1si vagy egy\u00e9b munk\u00e1kat.\" \/>\n<meta name=\"robots\" content=\"index, follow, max-snippet:-1, max-image-preview:large, max-video-preview:-1\" \/>\n<link rel=\"canonical\" href=\"https:\/\/www.knsmart.sk\/hu\/emelokosaras-munkaallvany-berlese\/\" \/>\n<meta property=\"og:locale\" content=\"hu_HU\" \/>\n<meta property=\"og:type\" content=\"article\" \/>\n<meta property=\"og:title\" content=\"Emel\u0151kosaras munka\u00e1llv\u00e1ny b\u00e9rl\u00e9se Kom\u00e1rom - KN Smart Servis a.s.\" \/>\n<meta property=\"og:description\" content=\"Biztons\u00e1gosan \u00e9s hat\u00e9konyan szeretne a magasba jutni? Emel\u0151kosaras g\u00e9p\u00fcnkkel gyorsan, biztons\u00e1gosan \u00e9s kedvez\u0151 \u00e1ron v\u00e9gezhet szerel\u00e9si, karbantart\u00e1si vagy egy\u00e9b munk\u00e1kat.\" \/>\n<meta property=\"og:url\" content=\"https:\/\/www.knsmart.sk\/hu\/emelokosaras-munkaallvany-berlese\/\" \/>\n<meta property=\"og:site_name\" content=\"KN Smart Servis a.s.\" \/>\n<meta property=\"article:publisher\" content=\"https:\/\/www.facebook.com\/knsmartservis\" \/>\n<meta property=\"article:modified_time\" content=\"2025-07-30T11:01:47+00:00\" \/>\n<meta property=\"og:image\" content=\"https:\/\/www.knsmart.sk\/wp-content\/uploads\/2025\/05\/kn-smart-post-default.jpg\" \/>\n\t<meta property=\"og:image:width\" content=\"768\" \/>\n\t<meta property=\"og:image:height\" content=\"499\" \/>\n\t<meta property=\"og:image:type\" content=\"image\/jpeg\" \/>\n<meta name=\"twitter:card\" content=\"summary_large_image\" \/>\n<meta name=\"twitter:label1\" content=\"Becs\u00fclt olvas\u00e1si id\u0151\" \/>\n\t<meta name=\"twitter:data1\" content=\"1 perc\" \/>\n<script type=\"application\/ld+json\" class=\"yoast-schema-graph\">{\"@context\":\"https:\/\/schema.org\",\"@graph\":[{\"@type\":\"WebPage\",\"@id\":\"https:\/\/www.knsmart.sk\/hu\/emelokosaras-munkaallvany-berlese\/\",\"url\":\"https:\/\/www.knsmart.sk\/hu\/emelokosaras-munkaallvany-berlese\/\",\"name\":\"Emel\u0151kosaras munka\u00e1llv\u00e1ny b\u00e9rl\u00e9se Kom\u00e1rom - KN Smart Servis a.s.\",\"isPartOf\":{\"@id\":\"https:\/\/www.knsmart.sk\/hu\/#website\"},\"primaryImageOfPage\":{\"@id\":\"https:\/\/www.knsmart.sk\/hu\/emelokosaras-munkaallvany-berlese\/#primaryimage\"},\"image\":{\"@id\":\"https:\/\/www.knsmart.sk\/hu\/emelokosaras-munkaallvany-berlese\/#primaryimage\"},\"thumbnailUrl\":\"https:\/\/www.knsmart.sk\/wp-content\/uploads\/2025\/05\/kn-smart-post-default.jpg\",\"datePublished\":\"2025-07-10T12:28:23+00:00\",\"dateModified\":\"2025-07-30T11:01:47+00:00\",\"description\":\"Biztons\u00e1gosan \u00e9s hat\u00e9konyan szeretne a magasba jutni? Emel\u0151kosaras g\u00e9p\u00fcnkkel gyorsan, biztons\u00e1gosan \u00e9s kedvez\u0151 \u00e1ron v\u00e9gezhet szerel\u00e9si, karbantart\u00e1si vagy egy\u00e9b munk\u00e1kat.\",\"breadcrumb\":{\"@id\":\"https:\/\/www.knsmart.sk\/hu\/emelokosaras-munkaallvany-berlese\/#breadcrumb\"},\"inLanguage\":\"hu\",\"potentialAction\":[{\"@type\":\"ReadAction\",\"target\":[\"https:\/\/www.knsmart.sk\/hu\/emelokosaras-munkaallvany-berlese\/\"]}]},{\"@type\":\"ImageObject\",\"inLanguage\":\"hu\",\"@id\":\"https:\/\/www.knsmart.sk\/hu\/emelokosaras-munkaallvany-berlese\/#primaryimage\",\"url\":\"https:\/\/www.knsmart.sk\/wp-content\/uploads\/2025\/05\/kn-smart-post-default.jpg\",\"contentUrl\":\"https:\/\/www.knsmart.sk\/wp-content\/uploads\/2025\/05\/kn-smart-post-default.jpg\"},{\"@type\":\"BreadcrumbList\",\"@id\":\"https:\/\/www.knsmart.sk\/hu\/emelokosaras-munkaallvany-berlese\/#breadcrumb\",\"itemListElement\":[{\"@type\":\"ListItem\",\"position\":1,\"name\":\"Domovsk\u00e1 str\u00e1nka\",\"item\":\"https:\/\/www.knsmart.sk\/hu\/\"},{\"@type\":\"ListItem\",\"position\":2,\"name\":\"Emel\u0151kosaras munka\u00e1llv\u00e1ny b\u00e9rl\u00e9se\"}]},{\"@type\":\"WebSite\",\"@id\":\"https:\/\/www.knsmart.sk\/hu\/#website\",\"url\":\"https:\/\/www.knsmart.sk\/hu\/\",\"name\":\"KN Smart Servis a.s.\",\"description\":\"Pracujme na \u010distote mesta spolo\u010dne\",\"publisher\":{\"@id\":\"https:\/\/www.knsmart.sk\/hu\/#organization\"},\"potentialAction\":[{\"@type\":\"SearchAction\",\"target\":{\"@type\":\"EntryPoint\",\"urlTemplate\":\"https:\/\/www.knsmart.sk\/hu\/?s={search_term_string}\"},\"query-input\":{\"@type\":\"PropertyValueSpecification\",\"valueRequired\":true,\"valueName\":\"search_term_string\"}}],\"inLanguage\":\"hu\"},{\"@type\":\"Organization\",\"@id\":\"https:\/\/www.knsmart.sk\/hu\/#organization\",\"name\":\"KN Smart Servis a.s.\",\"url\":\"https:\/\/www.knsmart.sk\/hu\/\",\"logo\":{\"@type\":\"ImageObject\",\"inLanguage\":\"hu\",\"@id\":\"https:\/\/www.knsmart.sk\/hu\/#\/schema\/logo\/image\/\",\"url\":\"https:\/\/www.knsmart.sk\/wp-content\/uploads\/2025\/05\/KNsmart_logo_white.png\",\"contentUrl\":\"https:\/\/www.knsmart.sk\/wp-content\/uploads\/2025\/05\/KNsmart_logo_white.png\",\"width\":300,\"height\":112,\"caption\":\"KN Smart Servis a.s.\"},\"image\":{\"@id\":\"https:\/\/www.knsmart.sk\/hu\/#\/schema\/logo\/image\/\"},\"sameAs\":[\"https:\/\/www.facebook.com\/knsmartservis\"]}]}<\/script>\n<!-- \/ Yoast SEO plugin. -->","yoast_head_json":{"title":"Emel\u0151kosaras munka\u00e1llv\u00e1ny b\u00e9rl\u00e9se Kom\u00e1rom - KN Smart Servis a.s.","description":"Biztons\u00e1gosan \u00e9s hat\u00e9konyan szeretne a magasba jutni? Emel\u0151kosaras g\u00e9p\u00fcnkkel gyorsan, biztons\u00e1gosan \u00e9s kedvez\u0151 \u00e1ron v\u00e9gezhet szerel\u00e9si, karbantart\u00e1si vagy egy\u00e9b munk\u00e1kat.","robots":{"index":"index","follow":"follow","max-snippet":"max-snippet:-1","max-image-preview":"max-image-preview:large","max-video-preview":"max-video-preview:-1"},"canonical":"https:\/\/www.knsmart.sk\/hu\/emelokosaras-munkaallvany-berlese\/","og_locale":"hu_HU","og_type":"article","og_title":"Emel\u0151kosaras munka\u00e1llv\u00e1ny b\u00e9rl\u00e9se Kom\u00e1rom - KN Smart Servis a.s.","og_description":"Biztons\u00e1gosan \u00e9s hat\u00e9konyan szeretne a magasba jutni? Emel\u0151kosaras g\u00e9p\u00fcnkkel gyorsan, biztons\u00e1gosan \u00e9s kedvez\u0151 \u00e1ron v\u00e9gezhet szerel\u00e9si, karbantart\u00e1si vagy egy\u00e9b munk\u00e1kat.","og_url":"https:\/\/www.knsmart.sk\/hu\/emelokosaras-munkaallvany-berlese\/","og_site_name":"KN Smart Servis a.s.","article_publisher":"https:\/\/www.facebook.com\/knsmartservis","article_modified_time":"2025-07-30T11:01:47+00:00","og_image":[{"width":768,"height":499,"url":"https:\/\/www.knsmart.sk\/wp-content\/uploads\/2025\/05\/kn-smart-post-default.jpg","type":"image\/jpeg"}],"twitter_card":"summary_large_image","twitter_misc":{"Becs\u00fclt olvas\u00e1si id\u0151":"1 perc"},"schema":{"@context":"https:\/\/schema.org","@graph":[{"@type":"WebPage","@id":"https:\/\/www.knsmart.sk\/hu\/emelokosaras-munkaallvany-berlese\/","url":"https:\/\/www.knsmart.sk\/hu\/emelokosaras-munkaallvany-berlese\/","name":"Emel\u0151kosaras munka\u00e1llv\u00e1ny b\u00e9rl\u00e9se Kom\u00e1rom - KN Smart Servis a.s.","isPartOf":{"@id":"https:\/\/www.knsmart.sk\/hu\/#website"},"primaryImageOfPage":{"@id":"https:\/\/www.knsmart.sk\/hu\/emelokosaras-munkaallvany-berlese\/#primaryimage"},"image":{"@id":"https:\/\/www.knsmart.sk\/hu\/emelokosaras-munkaallvany-berlese\/#primaryimage"},"thumbnailUrl":"https:\/\/www.knsmart.sk\/wp-content\/uploads\/2025\/05\/kn-smart-post-default.jpg","datePublished":"2025-07-10T12:28:23+00:00","dateModified":"2025-07-30T11:01:47+00:00","description":"Biztons\u00e1gosan \u00e9s hat\u00e9konyan szeretne a magasba jutni? Emel\u0151kosaras g\u00e9p\u00fcnkkel gyorsan, biztons\u00e1gosan \u00e9s kedvez\u0151 \u00e1ron v\u00e9gezhet szerel\u00e9si, karbantart\u00e1si vagy egy\u00e9b munk\u00e1kat.","breadcrumb":{"@id":"https:\/\/www.knsmart.sk\/hu\/emelokosaras-munkaallvany-berlese\/#breadcrumb"},"inLanguage":"hu","potentialAction":[{"@type":"ReadAction","target":["https:\/\/www.knsmart.sk\/hu\/emelokosaras-munkaallvany-berlese\/"]}]},{"@type":"ImageObject","inLanguage":"hu","@id":"https:\/\/www.knsmart.sk\/hu\/emelokosaras-munkaallvany-berlese\/#primaryimage","url":"https:\/\/www.knsmart.sk\/wp-content\/uploads\/2025\/05\/kn-smart-post-default.jpg","contentUrl":"https:\/\/www.knsmart.sk\/wp-content\/uploads\/2025\/05\/kn-smart-post-default.jpg"},{"@type":"BreadcrumbList","@id":"https:\/\/www.knsmart.sk\/hu\/emelokosaras-munkaallvany-berlese\/#breadcrumb","itemListElement":[{"@type":"ListItem","position":1,"name":"Domovsk\u00e1 str\u00e1nka","item":"https:\/\/www.knsmart.sk\/hu\/"},{"@type":"ListItem","position":2,"name":"Emel\u0151kosaras munka\u00e1llv\u00e1ny b\u00e9rl\u00e9se"}]},{"@type":"WebSite","@id":"https:\/\/www.knsmart.sk\/hu\/#website","url":"https:\/\/www.knsmart.sk\/hu\/","name":"KN Smart Servis a.s.","description":"Pracujme na \u010distote mesta spolo\u010dne","publisher":{"@id":"https:\/\/www.knsmart.sk\/hu\/#organization"},"potentialAction":[{"@type":"SearchAction","target":{"@type":"EntryPoint","urlTemplate":"https:\/\/www.knsmart.sk\/hu\/?s={search_term_string}"},"query-input":{"@type":"PropertyValueSpecification","valueRequired":true,"valueName":"search_term_string"}}],"inLanguage":"hu"},{"@type":"Organization","@id":"https:\/\/www.knsmart.sk\/hu\/#organization","name":"KN Smart Servis a.s.","url":"https:\/\/www.knsmart.sk\/hu\/","logo":{"@type":"ImageObject","inLanguage":"hu","@id":"https:\/\/www.knsmart.sk\/hu\/#\/schema\/logo\/image\/","url":"https:\/\/www.knsmart.sk\/wp-content\/uploads\/2025\/05\/KNsmart_logo_white.png","contentUrl":"https:\/\/www.knsmart.sk\/wp-content\/uploads\/2025\/05\/KNsmart_logo_white.png","width":300,"height":112,"caption":"KN Smart Servis a.s."},"image":{"@id":"https:\/\/www.knsmart.sk\/hu\/#\/schema\/logo\/image\/"},"sameAs":["https:\/\/www.facebook.com\/knsmartservis"]}]}},"_links":{"self":[{"href":"https:\/\/www.knsmart.sk\/hu\/wp-json\/wp\/v2\/pages\/937","targetHints":{"allow":["GET"]}}],"collection":[{"href":"https:\/\/www.knsmart.sk\/hu\/wp-json\/wp\/v2\/pages"}],"about":[{"href":"https:\/\/www.knsmart.sk\/hu\/wp-json\/wp\/v2\/types\/page"}],"author":[{"embeddable":true,"href":"https:\/\/www.knsmart.sk\/hu\/wp-json\/wp\/v2\/users\/1"}],"replies":[{"embeddable":true,"href":"https:\/\/www.knsmart.sk\/hu\/wp-json\/wp\/v2\/comments?post=937"}],"version-history":[{"count":1,"href":"https:\/\/www.knsmart.sk\/hu\/wp-json\/wp\/v2\/pages\/937\/revisions"}],"predecessor-version":[{"id":938,"href":"https:\/\/www.knsmart.sk\/hu\/wp-json\/wp\/v2\/pages\/937\/revisions\/938"}],"wp:attachment":[{"href":"https:\/\/www.knsmart.sk\/hu\/wp-json\/wp\/v2\/media?parent=937"}],"curies":[{"name":"wp","href":"https:\/\/api.w.org\/{rel}","templated":true}]}}